{"id":189707,"date":"2026-05-12T17:49:02","date_gmt":"2026-05-12T15:49:02","guid":{"rendered":"https:\/\/lutinetgazelle.com\/?post_type=product&#038;p=189707"},"modified":"2026-05-12T17:51:11","modified_gmt":"2026-05-12T15:51:11","slug":"table-bambou-et-rotin-60s","status":"publish","type":"product","link":"https:\/\/lutinetgazelle.com\/fr_fr\/boutique\/table-bambou-et-rotin-60s\/","title":{"rendered":"Table Bambou et rotin 60&rsquo;s"},"content":{"rendered":"<p>Table basse\u00a0 ronde en bambou et rotin<\/p>\n<p>plateau rouge en formica d&rsquo;origine<\/p>\n<p>Ann\u00e9es soixante<\/p>\n<p>Tr\u00e8s bon \u00e9tat<\/p>\n","protected":false},"excerpt":{"rendered":"<p>Table basse\u00a0 ronde en bambou et rotin plateau rouge en formica d&rsquo;origine Ann\u00e9es soixante Tr\u00e8s bon \u00e9tat<\/p>\n","protected":false},"featured_media":168017,"comment_status":"open","ping_status":"closed","template":"","meta":{"_seopress_robots_primary_cat":"","_seopress_titles_title":"","_seopress_titles_desc":"","_seopress_robots_index":"","_seopress_analysis_target_kw":"","_themeisle_gutenberg_block_has_review":false},"product_brand":[],"product_cat":[52],"product_tag":[],"class_list":{"0":"post-189707","1":"product","2":"type-product","3":"status-publish","4":"has-post-thumbnail","6":"product_cat-mobilier","8":"first","9":"instock","10":"shipping-taxable","11":"purchasable","12":"product-type-simple"},"_links":{"self":[{"href":"https:\/\/lutinetgazelle.com\/fr_fr\/wp-json\/wp\/v2\/product\/189707","targetHints":{"allow":["GET"]}}],"collection":[{"href":"https:\/\/lutinetgazelle.com\/fr_fr\/wp-json\/wp\/v2\/product"}],"about":[{"href":"https:\/\/lutinetgazelle.com\/fr_fr\/wp-json\/wp\/v2\/types\/product"}],"replies":[{"embeddable":true,"href":"https:\/\/lutinetgazelle.com\/fr_fr\/wp-json\/wp\/v2\/comments?post=189707"}],"wp:featuredmedia":[{"embeddable":true,"href":"https:\/\/lutinetgazelle.com\/fr_fr\/wp-json\/wp\/v2\/media\/168017"}],"wp:attachment":[{"href":"https:\/\/lutinetgazelle.com\/fr_fr\/wp-json\/wp\/v2\/media?parent=189707"}],"wp:term":[{"taxonomy":"product_brand","embeddable":true,"href":"https:\/\/lutinetgazelle.com\/fr_fr\/wp-json\/wp\/v2\/product_brand?post=189707"},{"taxonomy":"product_cat","embeddable":true,"href":"https:\/\/lutinetgazelle.com\/fr_fr\/wp-json\/wp\/v2\/product_cat?post=189707"},{"taxonomy":"product_tag","embeddable":true,"href":"https:\/\/lutinetgazelle.com\/fr_fr\/wp-json\/wp\/v2\/product_tag?post=189707"}],"curies":[{"name":"wp","href":"https:\/\/api.w.org\/{rel}","templated":true}]}}