{"id":189554,"date":"2026-05-12T17:24:14","date_gmt":"2026-05-12T15:24:14","guid":{"rendered":"https:\/\/lutinetgazelle.com\/?post_type=product&#038;p=189554"},"modified":"2026-05-12T17:24:15","modified_gmt":"2026-05-12T15:24:15","slug":"5-chaises-en-bois-60s","status":"publish","type":"product","link":"https:\/\/lutinetgazelle.com\/fr_fr\/boutique\/5-chaises-en-bois-60s\/","title":{"rendered":"5 Chaises en bois  60&rsquo;s"},"content":{"rendered":"<p>Lot de 5 chaises en bois peintes en blanc ann\u00e9es soixante<\/p>\n<p>bon \u00e9tat g\u00e9n\u00e9ral des chaises<\/p>\n<p>le cannage est en rotin et scoubidou d&rsquo;origine<\/p>\n","protected":false},"excerpt":{"rendered":"<p>Lot de 5 chaises en bois peintes en blanc ann\u00e9es soixante bon \u00e9tat g\u00e9n\u00e9ral des chaises le cannage est en rotin et scoubidou d&rsquo;origine<\/p>\n","protected":false},"featured_media":189567,"comment_status":"open","ping_status":"closed","template":"","meta":{"_seopress_robots_primary_cat":"","_seopress_titles_title":"","_seopress_titles_desc":"","_seopress_robots_index":"","_seopress_analysis_target_kw":"","_themeisle_gutenberg_block_has_review":false},"product_brand":[],"product_cat":[59],"product_tag":[],"class_list":{"0":"post-189554","1":"product","2":"type-product","3":"status-publish","4":"has-post-thumbnail","6":"product_cat-assise","8":"first","9":"instock","10":"shipping-taxable","11":"purchasable","12":"product-type-simple"},"_links":{"self":[{"href":"https:\/\/lutinetgazelle.com\/fr_fr\/wp-json\/wp\/v2\/product\/189554","targetHints":{"allow":["GET"]}}],"collection":[{"href":"https:\/\/lutinetgazelle.com\/fr_fr\/wp-json\/wp\/v2\/product"}],"about":[{"href":"https:\/\/lutinetgazelle.com\/fr_fr\/wp-json\/wp\/v2\/types\/product"}],"replies":[{"embeddable":true,"href":"https:\/\/lutinetgazelle.com\/fr_fr\/wp-json\/wp\/v2\/comments?post=189554"}],"wp:featuredmedia":[{"embeddable":true,"href":"https:\/\/lutinetgazelle.com\/fr_fr\/wp-json\/wp\/v2\/media\/189567"}],"wp:attachment":[{"href":"https:\/\/lutinetgazelle.com\/fr_fr\/wp-json\/wp\/v2\/media?parent=189554"}],"wp:term":[{"taxonomy":"product_brand","embeddable":true,"href":"https:\/\/lutinetgazelle.com\/fr_fr\/wp-json\/wp\/v2\/product_brand?post=189554"},{"taxonomy":"product_cat","embeddable":true,"href":"https:\/\/lutinetgazelle.com\/fr_fr\/wp-json\/wp\/v2\/product_cat?post=189554"},{"taxonomy":"product_tag","embeddable":true,"href":"https:\/\/lutinetgazelle.com\/fr_fr\/wp-json\/wp\/v2\/product_tag?post=189554"}],"curies":[{"name":"wp","href":"https:\/\/api.w.org\/{rel}","templated":true}]}}