{"id":152125,"date":"2026-02-18T14:15:22","date_gmt":"2026-02-18T13:15:22","guid":{"rendered":"https:\/\/lutinetgazelle.com\/?post_type=product&#038;p=152125"},"modified":"2026-02-18T14:17:21","modified_gmt":"2026-02-18T13:17:21","slug":"etagere-bambou-vintage-70s","status":"publish","type":"product","link":"https:\/\/lutinetgazelle.com\/fr_fr\/boutique\/etagere-bambou-vintage-70s\/","title":{"rendered":"Etagere bambou vintage 70&rsquo;s"},"content":{"rendered":"<p>\u00e9tag\u00e8re six plateaux color\u00e9s en rouge bambou et osier<\/p>\n<p>bon \u00e9tat , petite tache sur un des plateaux sup\u00e9rieur<\/p>\n<p>&nbsp;<\/p>\n","protected":false},"excerpt":{"rendered":"<p>\u00e9tag\u00e8re six plateaux color\u00e9s en rouge bambou et osier bon \u00e9tat , petite tache sur un des plateaux sup\u00e9rieur &nbsp;<\/p>\n","protected":false},"featured_media":152149,"comment_status":"open","ping_status":"closed","template":"","meta":{"_seopress_robots_primary_cat":"none","_seopress_titles_title":"","_seopress_titles_desc":"","_seopress_robots_index":"","_seopress_analysis_target_kw":"","_themeisle_gutenberg_block_has_review":false},"product_brand":[],"product_cat":[52],"product_tag":[],"class_list":{"0":"post-152125","1":"product","2":"type-product","3":"status-publish","4":"has-post-thumbnail","6":"product_cat-mobilier","8":"first","9":"instock","10":"shipping-taxable","11":"purchasable","12":"product-type-simple"},"_links":{"self":[{"href":"https:\/\/lutinetgazelle.com\/fr_fr\/wp-json\/wp\/v2\/product\/152125","targetHints":{"allow":["GET"]}}],"collection":[{"href":"https:\/\/lutinetgazelle.com\/fr_fr\/wp-json\/wp\/v2\/product"}],"about":[{"href":"https:\/\/lutinetgazelle.com\/fr_fr\/wp-json\/wp\/v2\/types\/product"}],"replies":[{"embeddable":true,"href":"https:\/\/lutinetgazelle.com\/fr_fr\/wp-json\/wp\/v2\/comments?post=152125"}],"wp:featuredmedia":[{"embeddable":true,"href":"https:\/\/lutinetgazelle.com\/fr_fr\/wp-json\/wp\/v2\/media\/152149"}],"wp:attachment":[{"href":"https:\/\/lutinetgazelle.com\/fr_fr\/wp-json\/wp\/v2\/media?parent=152125"}],"wp:term":[{"taxonomy":"product_brand","embeddable":true,"href":"https:\/\/lutinetgazelle.com\/fr_fr\/wp-json\/wp\/v2\/product_brand?post=152125"},{"taxonomy":"product_cat","embeddable":true,"href":"https:\/\/lutinetgazelle.com\/fr_fr\/wp-json\/wp\/v2\/product_cat?post=152125"},{"taxonomy":"product_tag","embeddable":true,"href":"https:\/\/lutinetgazelle.com\/fr_fr\/wp-json\/wp\/v2\/product_tag?post=152125"}],"curies":[{"name":"wp","href":"https:\/\/api.w.org\/{rel}","templated":true}]}}