{"id":70811,"date":"2025-10-30T12:45:44","date_gmt":"2025-10-30T11:45:44","guid":{"rendered":"https:\/\/lutinetgazelle.com\/?page_id=70811"},"modified":"2025-10-30T13:06:44","modified_gmt":"2025-10-30T12:06:44","slug":"rechercher","status":"publish","type":"page","link":"https:\/\/lutinetgazelle.com\/fr_fr\/rechercher\/","title":{"rendered":"Rechercher"},"content":{"rendered":"\n<p>Si vous ne trouvez pas votre bonheur sur notre site internet et que vous avez une id\u00e9e pr\u00e9cise de ce que vous chercher nous sommes l\u00e0 pour vous aider \u00e0 satisfaire votre demande. Il vous suffit de vous rendre sur notre page contact et de nous expliquer votre probl\u00e9matique et de nous indiquer votre budget Nos \u00e9quipes mettront alors tout en oeuvre pour y r\u00e9pondre dans les plus brefs d\u00e9lais .  <\/p>\n\n\n\n<p><\/p>\n","protected":false},"excerpt":{"rendered":"<p>Si vous ne trouvez pas votre bonheur sur notre site internet et que vous avez une id\u00e9e pr\u00e9cise de ce que vous chercher nous sommes l\u00e0 pour vous aider \u00e0 satisfaire votre demande. Il vous suffit de vous rendre sur notre page contact et de nous expliquer votre probl\u00e9matique et de nous indiquer votre budget [&hellip;]<\/p>\n","protected":false},"author":1,"featured_media":0,"parent":0,"menu_order":0,"comment_status":"closed","ping_status":"closed","template":"","meta":{"_seopress_robots_primary_cat":"","_seopress_titles_title":"","_seopress_titles_desc":"","_seopress_robots_index":"","_themeisle_gutenberg_block_has_review":false,"footnotes":""},"class_list":["post-70811","page","type-page","status-publish","hentry"],"_links":{"self":[{"href":"https:\/\/lutinetgazelle.com\/fr_fr\/wp-json\/wp\/v2\/pages\/70811","targetHints":{"allow":["GET"]}}],"collection":[{"href":"https:\/\/lutinetgazelle.com\/fr_fr\/wp-json\/wp\/v2\/pages"}],"about":[{"href":"https:\/\/lutinetgazelle.com\/fr_fr\/wp-json\/wp\/v2\/types\/page"}],"author":[{"embeddable":true,"href":"https:\/\/lutinetgazelle.com\/fr_fr\/wp-json\/wp\/v2\/users\/1"}],"replies":[{"embeddable":true,"href":"https:\/\/lutinetgazelle.com\/fr_fr\/wp-json\/wp\/v2\/comments?post=70811"}],"version-history":[{"count":2,"href":"https:\/\/lutinetgazelle.com\/fr_fr\/wp-json\/wp\/v2\/pages\/70811\/revisions"}],"predecessor-version":[{"id":70852,"href":"https:\/\/lutinetgazelle.com\/fr_fr\/wp-json\/wp\/v2\/pages\/70811\/revisions\/70852"}],"wp:attachment":[{"href":"https:\/\/lutinetgazelle.com\/fr_fr\/wp-json\/wp\/v2\/media?parent=70811"}],"curies":[{"name":"wp","href":"https:\/\/api.w.org\/{rel}","templated":true}]}}