{"id":2662,"date":"2025-09-09T11:38:45","date_gmt":"2025-09-09T09:38:45","guid":{"rendered":"https:\/\/lutinetgazelle.com\/?page_id=2662"},"modified":"2025-10-21T15:01:16","modified_gmt":"2025-10-21T13:01:16","slug":"politique-de-confidentialite","status":"publish","type":"page","link":"https:\/\/lutinetgazelle.com\/fr_fr\/politique-de-confidentialite\/","title":{"rendered":"Politique de confidentialite"},"content":{"rendered":"\n<p>Aucune information personnelle de l&rsquo;utilisateur du pr\u00e9sent site&nbsp;n&rsquo;est c\u00e9d\u00e9e ou vendue sur un support quelconque \u00e0 des tiers.<\/p>\n\n\n\n<p>Lutin&amp;Gazelle&nbsp;s&rsquo;engage \u00e0 pr\u00e9server la confidentialit\u00e9 des informations fournies par l\u2019acheteur, qu&rsquo;il serait amen\u00e9 \u00e0 transmettre pour l&rsquo;utilisation de certains services. <\/p>\n\n\n\n<p>Toute information le concernant est soumise aux dispositions de la loi           n\u00b0 78-17 du 6 janvier 1978, entr\u00e9 en application le 25 mai 2018, il vient renforcer et compl\u00e9ter&nbsp;<a href=\"https:\/\/www.legifrance.gouv.fr\/affichTexte.do?cidTexte=JORFTEXT000000886460\" target=\"_blank\" rel=\"noreferrer noopener\">la loi fran\u00e7aise \u00ab Informatique et Libert\u00e9s \u00bb de 1978<\/a>, actualis\u00e9e par&nbsp;<a href=\"https:\/\/www.legifrance.gouv.fr\/jorf\/id\/JORFTEXT000037085952\" target=\"_blank\" rel=\"noreferrer noopener\">la loi du 20 juin 2018 relative \u00e0 la protection des donn\u00e9es personnelles<\/a>.     A ce titre, l&rsquo;internaute dispose d&rsquo;un droit d&rsquo;acc\u00e8s, de modification et de suppression des informations le concernant.<\/p>\n\n\n\n<p>Il peut en faire la demande \u00e0 tout moment par courrier \u00e0 l\u2019adresse suivante: Lutin&amp;Gazelle 324 rue des Pyr\u00e9n\u00e9es 75020 Paris.<\/p>\n","protected":false},"excerpt":{"rendered":"<p>Aucune information personnelle de l&rsquo;utilisateur du pr\u00e9sent site&nbsp;n&rsquo;est c\u00e9d\u00e9e ou vendue sur un support quelconque \u00e0 des tiers. Lutin&amp;Gazelle&nbsp;s&rsquo;engage \u00e0 pr\u00e9server la confidentialit\u00e9 des informations fournies par l\u2019acheteur, qu&rsquo;il serait amen\u00e9 \u00e0 transmettre pour l&rsquo;utilisation de certains services. Toute information le concernant est soumise aux dispositions de la loi n\u00b0 78-17 du 6 janvier 1978, [&hellip;]<\/p>\n","protected":false},"author":1,"featured_media":0,"parent":0,"menu_order":0,"comment_status":"closed","ping_status":"closed","template":"","meta":{"_seopress_robots_primary_cat":"","_seopress_titles_title":"","_seopress_titles_desc":"","_seopress_robots_index":"","_themeisle_gutenberg_block_has_review":false,"footnotes":""},"class_list":["post-2662","page","type-page","status-publish","hentry"],"_links":{"self":[{"href":"https:\/\/lutinetgazelle.com\/fr_fr\/wp-json\/wp\/v2\/pages\/2662","targetHints":{"allow":["GET"]}}],"collection":[{"href":"https:\/\/lutinetgazelle.com\/fr_fr\/wp-json\/wp\/v2\/pages"}],"about":[{"href":"https:\/\/lutinetgazelle.com\/fr_fr\/wp-json\/wp\/v2\/types\/page"}],"author":[{"embeddable":true,"href":"https:\/\/lutinetgazelle.com\/fr_fr\/wp-json\/wp\/v2\/users\/1"}],"replies":[{"embeddable":true,"href":"https:\/\/lutinetgazelle.com\/fr_fr\/wp-json\/wp\/v2\/comments?post=2662"}],"version-history":[{"count":1,"href":"https:\/\/lutinetgazelle.com\/fr_fr\/wp-json\/wp\/v2\/pages\/2662\/revisions"}],"predecessor-version":[{"id":51698,"href":"https:\/\/lutinetgazelle.com\/fr_fr\/wp-json\/wp\/v2\/pages\/2662\/revisions\/51698"}],"wp:attachment":[{"href":"https:\/\/lutinetgazelle.com\/fr_fr\/wp-json\/wp\/v2\/media?parent=2662"}],"curies":[{"name":"wp","href":"https:\/\/api.w.org\/{rel}","templated":true}]}}