{"id":2660,"date":"2025-09-09T11:38:23","date_gmt":"2025-09-09T09:38:23","guid":{"rendered":"https:\/\/lutinetgazelle.com\/?page_id=2660"},"modified":"2025-11-23T15:18:36","modified_gmt":"2025-11-23T14:18:36","slug":"mentions-legales","status":"publish","type":"page","link":"https:\/\/lutinetgazelle.com\/fr_fr\/mentions-legales\/","title":{"rendered":"Mentions legales"},"content":{"rendered":"\n<h2 class=\"wp-block-heading\">Lutin et Gazelle<\/h2>\n\n\n\n<p><br>Num\u00e9ro de siret :82793629500019<\/p>\n\n\n\n<p>Siege social: 324 rue des Pyr\u00e9n\u00e9es 75020 Paris<br>Num\u00e9ro de tel : +33(0)612137427<br>Email : lutinetgazelle@gmail.com<br><br>Webmaster du site<\/p>\n\n\n\n<h2 class=\"wp-block-heading\">Hebergement<\/h2>\n\n\n\n<p><\/p>\n\n\n\n<p>Ce site est h\u00e9berg\u00e9 par OVHcloud  2 rue Kellermann &#8211; 59100 Roubaix &#8211; France<br><br><\/p>\n","protected":false},"excerpt":{"rendered":"<p>Lutin et Gazelle Num\u00e9ro de siret :82793629500019 Siege social: 324 rue des Pyr\u00e9n\u00e9es 75020 ParisNum\u00e9ro de tel : +33(0)612137427Email : lutinetgazelle@gmail.com Webmaster du site Hebergement Ce site est h\u00e9berg\u00e9 par OVHcloud 2 rue Kellermann &#8211; 59100 Roubaix &#8211; France<\/p>\n","protected":false},"author":1,"featured_media":0,"parent":0,"menu_order":0,"comment_status":"closed","ping_status":"closed","template":"","meta":{"_seopress_robots_primary_cat":"","_seopress_titles_title":"","_seopress_titles_desc":"","_seopress_robots_index":"","_themeisle_gutenberg_block_has_review":false,"footnotes":""},"class_list":["post-2660","page","type-page","status-publish","hentry"],"_links":{"self":[{"href":"https:\/\/lutinetgazelle.com\/fr_fr\/wp-json\/wp\/v2\/pages\/2660","targetHints":{"allow":["GET"]}}],"collection":[{"href":"https:\/\/lutinetgazelle.com\/fr_fr\/wp-json\/wp\/v2\/pages"}],"about":[{"href":"https:\/\/lutinetgazelle.com\/fr_fr\/wp-json\/wp\/v2\/types\/page"}],"author":[{"embeddable":true,"href":"https:\/\/lutinetgazelle.com\/fr_fr\/wp-json\/wp\/v2\/users\/1"}],"replies":[{"embeddable":true,"href":"https:\/\/lutinetgazelle.com\/fr_fr\/wp-json\/wp\/v2\/comments?post=2660"}],"version-history":[{"count":1,"href":"https:\/\/lutinetgazelle.com\/fr_fr\/wp-json\/wp\/v2\/pages\/2660\/revisions"}],"predecessor-version":[{"id":93416,"href":"https:\/\/lutinetgazelle.com\/fr_fr\/wp-json\/wp\/v2\/pages\/2660\/revisions\/93416"}],"wp:attachment":[{"href":"https:\/\/lutinetgazelle.com\/fr_fr\/wp-json\/wp\/v2\/media?parent=2660"}],"curies":[{"name":"wp","href":"https:\/\/api.w.org\/{rel}","templated":true}]}}