{"id":98174,"date":"2025-11-24T19:03:24","date_gmt":"2025-11-24T18:03:24","guid":{"rendered":"https:\/\/lutinetgazelle.com\/?post_type=product&#038;p=98174"},"modified":"2026-01-19T11:15:27","modified_gmt":"2026-01-19T10:15:27","slug":"appliques-murale-vintage","status":"publish","type":"product","link":"https:\/\/lutinetgazelle.com\/en\/boutique\/appliques-murale-vintage\/","title":{"rendered":"Appliques Murales P. Guariche"},"content":{"rendered":"<p>Paire Appliques murales originales<\/p>\n<ul class=\"wt-block-grid-xs-1 wt-text-body-01 show-icons wt-mt-xs-1 wt-pl-xs-0 wt-mb-xs-3\" data-selector=\"product-details-highlights\">\n<li class=\"wt-block-grid__item wt-display-flex-xs wt-align-items-flex-start\">\n<div class=\"wt-ml-xs-1\">Vintage des ann\u00e9es 1950<\/div>\n<\/li>\n<li class=\"wt-block-grid__item wt-display-flex-xs wt-align-items-flex-start\">\n<div><\/div>\n<div class=\"wt-ml-xs-1\">Mat\u00e9riaux\u00a0: M\u00e9tal, plastique<\/div>\n<\/li>\n<li class=\"wt-block-grid__item wt-display-flex-xs wt-align-items-flex-start\">\n<div><\/div>\n<div>\n<div class=\"wt-ml-xs-1\">Largeur: 12 centim\u00e8tres<\/div>\n<div class=\"wt-ml-xs-1\">Hauteur: 30 centim\u00e8tres<\/div>\n<\/div>\n<\/li>\n<\/ul>","protected":false},"excerpt":{"rendered":"<p>Paire Appliques murales originales Vintage des ann\u00e9es 1950 Mat\u00e9riaux\u00a0: M\u00e9tal, plastique Largeur: 12 centim\u00e8tres Hauteur: 30 centim\u00e8tres<\/p>","protected":false},"featured_media":97906,"comment_status":"open","ping_status":"closed","template":"","meta":{"_seopress_robots_primary_cat":"none","_seopress_titles_title":"","_seopress_titles_desc":"","_seopress_robots_index":"","_themeisle_gutenberg_block_has_review":false},"product_brand":[],"product_cat":[49],"product_tag":[],"class_list":{"0":"post-98174","1":"product","2":"type-product","3":"status-publish","4":"has-post-thumbnail","6":"product_cat-luminaires","8":"first","9":"instock","10":"taxable","11":"shipping-taxable","12":"purchasable","13":"product-type-simple"},"_links":{"self":[{"href":"https:\/\/lutinetgazelle.com\/en\/wp-json\/wp\/v2\/product\/98174","targetHints":{"allow":["GET"]}}],"collection":[{"href":"https:\/\/lutinetgazelle.com\/en\/wp-json\/wp\/v2\/product"}],"about":[{"href":"https:\/\/lutinetgazelle.com\/en\/wp-json\/wp\/v2\/types\/product"}],"replies":[{"embeddable":true,"href":"https:\/\/lutinetgazelle.com\/en\/wp-json\/wp\/v2\/comments?post=98174"}],"wp:featuredmedia":[{"embeddable":true,"href":"https:\/\/lutinetgazelle.com\/en\/wp-json\/wp\/v2\/media\/97906"}],"wp:attachment":[{"href":"https:\/\/lutinetgazelle.com\/en\/wp-json\/wp\/v2\/media?parent=98174"}],"wp:term":[{"taxonomy":"product_brand","embeddable":true,"href":"https:\/\/lutinetgazelle.com\/en\/wp-json\/wp\/v2\/product_brand?post=98174"},{"taxonomy":"product_cat","embeddable":true,"href":"https:\/\/lutinetgazelle.com\/en\/wp-json\/wp\/v2\/product_cat?post=98174"},{"taxonomy":"product_tag","embeddable":true,"href":"https:\/\/lutinetgazelle.com\/en\/wp-json\/wp\/v2\/product_tag?post=98174"}],"curies":[{"name":"wp","href":"https:\/\/api.w.org\/{rel}","templated":true}]}}