{"id":98027,"date":"2025-11-24T18:44:05","date_gmt":"2025-11-24T17:44:05","guid":{"rendered":"https:\/\/lutinetgazelle.com\/?post_type=product&#038;p=98027"},"modified":"2025-12-03T18:40:36","modified_gmt":"2025-12-03T17:40:36","slug":"lampe-bureau-70s","status":"publish","type":"product","link":"https:\/\/lutinetgazelle.com\/en\/boutique\/lampe-bureau-70s\/","title":{"rendered":"Lampe bureau 70&rsquo;s"},"content":{"rendered":"<p>&nbsp;<\/p>\n<p title=\"Lampe de bureau Targetti Sankey design vintage ann\u00e9es 70\u00b4 desk lamp\">Lampe de bureau Targetti Sankey design vintage ann\u00e9es 70<\/p>\n<p>m\u00e9tal et peinture marron<\/p>\n<p>Flexible tr\u00e8s bon \u00e9tat.<\/p>","protected":false},"excerpt":{"rendered":"<p>&nbsp; Lampe de bureau Targetti Sankey design vintage ann\u00e9es 70 m\u00e9tal et peinture marron Flexible tr\u00e8s bon \u00e9tat.<\/p>","protected":false},"featured_media":66754,"comment_status":"open","ping_status":"closed","template":"","meta":{"_seopress_robots_primary_cat":"none","_seopress_titles_title":"","_seopress_titles_desc":"","_seopress_robots_index":"","_themeisle_gutenberg_block_has_review":false},"product_brand":[],"product_cat":[49],"product_tag":[],"class_list":{"0":"post-98027","1":"product","2":"type-product","3":"status-publish","4":"has-post-thumbnail","6":"product_cat-luminaires","8":"first","9":"instock","10":"taxable","11":"shipping-taxable","12":"purchasable","13":"product-type-simple"},"_links":{"self":[{"href":"https:\/\/lutinetgazelle.com\/en\/wp-json\/wp\/v2\/product\/98027","targetHints":{"allow":["GET"]}}],"collection":[{"href":"https:\/\/lutinetgazelle.com\/en\/wp-json\/wp\/v2\/product"}],"about":[{"href":"https:\/\/lutinetgazelle.com\/en\/wp-json\/wp\/v2\/types\/product"}],"replies":[{"embeddable":true,"href":"https:\/\/lutinetgazelle.com\/en\/wp-json\/wp\/v2\/comments?post=98027"}],"wp:featuredmedia":[{"embeddable":true,"href":"https:\/\/lutinetgazelle.com\/en\/wp-json\/wp\/v2\/media\/66754"}],"wp:attachment":[{"href":"https:\/\/lutinetgazelle.com\/en\/wp-json\/wp\/v2\/media?parent=98027"}],"wp:term":[{"taxonomy":"product_brand","embeddable":true,"href":"https:\/\/lutinetgazelle.com\/en\/wp-json\/wp\/v2\/product_brand?post=98027"},{"taxonomy":"product_cat","embeddable":true,"href":"https:\/\/lutinetgazelle.com\/en\/wp-json\/wp\/v2\/product_cat?post=98027"},{"taxonomy":"product_tag","embeddable":true,"href":"https:\/\/lutinetgazelle.com\/en\/wp-json\/wp\/v2\/product_tag?post=98027"}],"curies":[{"name":"wp","href":"https:\/\/api.w.org\/{rel}","templated":true}]}}