{"id":97723,"date":"2025-11-24T18:15:11","date_gmt":"2025-11-24T17:15:11","guid":{"rendered":"https:\/\/lutinetgazelle.com\/?post_type=product&#038;p=97723"},"modified":"2025-11-24T18:21:15","modified_gmt":"2025-11-24T17:21:15","slug":"lampe-vintage-2","status":"publish","type":"product","link":"https:\/\/lutinetgazelle.com\/en\/boutique\/lampe-vintage-2\/","title":{"rendered":"Lampe Vintage"},"content":{"rendered":"<p>Lampe Vintage orange\u00a0 50&rsquo;s France<\/p>\n<p>Flexible, tr\u00e8s bon \u00e9tat g\u00e9n\u00e9ral .<\/p>\n<p>Dimension: &#8230;<\/p>","protected":false},"excerpt":{"rendered":"<p>Lampe Vintage orange\u00a0 50&rsquo;s France Flexible, tr\u00e8s bon \u00e9tat g\u00e9n\u00e9ral . Dimension: &#8230;<\/p>","protected":false},"featured_media":34725,"comment_status":"open","ping_status":"closed","template":"","meta":{"_seopress_robots_primary_cat":"none","_seopress_titles_title":"","_seopress_titles_desc":"","_seopress_robots_index":"","_themeisle_gutenberg_block_has_review":false},"product_brand":[],"product_cat":[49],"product_tag":[],"class_list":{"0":"post-97723","1":"product","2":"type-product","3":"status-publish","4":"has-post-thumbnail","6":"product_cat-luminaires","8":"first","9":"instock","10":"taxable","11":"shipping-taxable","12":"purchasable","13":"product-type-simple"},"_links":{"self":[{"href":"https:\/\/lutinetgazelle.com\/en\/wp-json\/wp\/v2\/product\/97723","targetHints":{"allow":["GET"]}}],"collection":[{"href":"https:\/\/lutinetgazelle.com\/en\/wp-json\/wp\/v2\/product"}],"about":[{"href":"https:\/\/lutinetgazelle.com\/en\/wp-json\/wp\/v2\/types\/product"}],"replies":[{"embeddable":true,"href":"https:\/\/lutinetgazelle.com\/en\/wp-json\/wp\/v2\/comments?post=97723"}],"wp:featuredmedia":[{"embeddable":true,"href":"https:\/\/lutinetgazelle.com\/en\/wp-json\/wp\/v2\/media\/34725"}],"wp:attachment":[{"href":"https:\/\/lutinetgazelle.com\/en\/wp-json\/wp\/v2\/media?parent=97723"}],"wp:term":[{"taxonomy":"product_brand","embeddable":true,"href":"https:\/\/lutinetgazelle.com\/en\/wp-json\/wp\/v2\/product_brand?post=97723"},{"taxonomy":"product_cat","embeddable":true,"href":"https:\/\/lutinetgazelle.com\/en\/wp-json\/wp\/v2\/product_cat?post=97723"},{"taxonomy":"product_tag","embeddable":true,"href":"https:\/\/lutinetgazelle.com\/en\/wp-json\/wp\/v2\/product_tag?post=97723"}],"curies":[{"name":"wp","href":"https:\/\/api.w.org\/{rel}","templated":true}]}}