{"id":97266,"date":"2025-11-24T17:26:09","date_gmt":"2025-11-24T16:26:09","guid":{"rendered":"https:\/\/lutinetgazelle.com\/?post_type=product&#038;p=97266"},"modified":"2026-01-27T18:24:46","modified_gmt":"2026-01-27T17:24:46","slug":"enfant-et-grue","status":"publish","type":"product","link":"https:\/\/lutinetgazelle.com\/en\/boutique\/enfant-et-grue\/","title":{"rendered":"Enfants et Grues"},"content":{"rendered":"<p>Tirage s\u00e9rie Limit\u00e9e Iconic LH<\/p>\n<p>@cr\u00e9dit: Lutin&amp;Gazelle<\/p>\n<p>Tirage\u00a0 20&#215;20 : 80\u20ac \/ Tirage\u00a0 30x3o : 100\u20ac<\/p>\n<p>&nbsp;<\/p>","protected":false},"excerpt":{"rendered":"<p>Tirage s\u00e9rie Limit\u00e9e Iconic LH @cr\u00e9dit: Lutin&amp;Gazelle Tirage\u00a0 20&#215;20 : 80\u20ac \/ Tirage\u00a0 30x3o : 100\u20ac &nbsp;<\/p>","protected":false},"featured_media":494,"comment_status":"open","ping_status":"closed","template":"","meta":{"_seopress_robots_primary_cat":"none","_seopress_titles_title":"","_seopress_titles_desc":"","_seopress_robots_index":"","_themeisle_gutenberg_block_has_review":false},"product_brand":[],"product_cat":[68],"product_tag":[],"class_list":{"0":"post-97266","1":"product","2":"type-product","3":"status-publish","4":"has-post-thumbnail","6":"product_cat-photos-lutin-et-gazelle","8":"first","9":"outofstock","10":"taxable","11":"shipping-taxable","12":"product-type-simple"},"_links":{"self":[{"href":"https:\/\/lutinetgazelle.com\/en\/wp-json\/wp\/v2\/product\/97266","targetHints":{"allow":["GET"]}}],"collection":[{"href":"https:\/\/lutinetgazelle.com\/en\/wp-json\/wp\/v2\/product"}],"about":[{"href":"https:\/\/lutinetgazelle.com\/en\/wp-json\/wp\/v2\/types\/product"}],"replies":[{"embeddable":true,"href":"https:\/\/lutinetgazelle.com\/en\/wp-json\/wp\/v2\/comments?post=97266"}],"wp:featuredmedia":[{"embeddable":true,"href":"https:\/\/lutinetgazelle.com\/en\/wp-json\/wp\/v2\/media\/494"}],"wp:attachment":[{"href":"https:\/\/lutinetgazelle.com\/en\/wp-json\/wp\/v2\/media?parent=97266"}],"wp:term":[{"taxonomy":"product_brand","embeddable":true,"href":"https:\/\/lutinetgazelle.com\/en\/wp-json\/wp\/v2\/product_brand?post=97266"},{"taxonomy":"product_cat","embeddable":true,"href":"https:\/\/lutinetgazelle.com\/en\/wp-json\/wp\/v2\/product_cat?post=97266"},{"taxonomy":"product_tag","embeddable":true,"href":"https:\/\/lutinetgazelle.com\/en\/wp-json\/wp\/v2\/product_tag?post=97266"}],"curies":[{"name":"wp","href":"https:\/\/api.w.org\/{rel}","templated":true}]}}