{"id":94232,"date":"2025-11-23T17:18:50","date_gmt":"2025-11-23T16:18:50","guid":{"rendered":"https:\/\/lutinetgazelle.com\/?post_type=product&#038;p=94232"},"modified":"2025-11-23T17:23:56","modified_gmt":"2025-11-23T16:23:56","slug":"assiette-plat-ceramique-emaillee-capron-vallauris","status":"publish","type":"product","link":"https:\/\/lutinetgazelle.com\/en\/boutique\/assiette-plat-ceramique-emaillee-capron-vallauris\/","title":{"rendered":"Assiette Plat Ceramique emaillee Capron Vallauris"},"content":{"rendered":"<p>Assiette Plat C\u00e9ramique \u00c9maill\u00e9e Capron Vallauris 70&rsquo;s<\/p>","protected":false},"excerpt":{"rendered":"<p>Assiette Plat C\u00e9ramique \u00c9maill\u00e9e Capron Vallauris 70&rsquo;s<\/p>","protected":false},"featured_media":66936,"comment_status":"open","ping_status":"closed","template":"","meta":{"_seopress_robots_primary_cat":"none","_seopress_titles_title":"","_seopress_titles_desc":"","_seopress_robots_index":"","_themeisle_gutenberg_block_has_review":false},"product_brand":[],"product_cat":[44],"product_tag":[],"class_list":{"0":"post-94232","1":"product","2":"type-product","3":"status-publish","4":"has-post-thumbnail","6":"product_cat-bibelots","8":"first","9":"instock","10":"taxable","11":"shipping-taxable","12":"purchasable","13":"product-type-simple"},"_links":{"self":[{"href":"https:\/\/lutinetgazelle.com\/en\/wp-json\/wp\/v2\/product\/94232","targetHints":{"allow":["GET"]}}],"collection":[{"href":"https:\/\/lutinetgazelle.com\/en\/wp-json\/wp\/v2\/product"}],"about":[{"href":"https:\/\/lutinetgazelle.com\/en\/wp-json\/wp\/v2\/types\/product"}],"replies":[{"embeddable":true,"href":"https:\/\/lutinetgazelle.com\/en\/wp-json\/wp\/v2\/comments?post=94232"}],"wp:featuredmedia":[{"embeddable":true,"href":"https:\/\/lutinetgazelle.com\/en\/wp-json\/wp\/v2\/media\/66936"}],"wp:attachment":[{"href":"https:\/\/lutinetgazelle.com\/en\/wp-json\/wp\/v2\/media?parent=94232"}],"wp:term":[{"taxonomy":"product_brand","embeddable":true,"href":"https:\/\/lutinetgazelle.com\/en\/wp-json\/wp\/v2\/product_brand?post=94232"},{"taxonomy":"product_cat","embeddable":true,"href":"https:\/\/lutinetgazelle.com\/en\/wp-json\/wp\/v2\/product_cat?post=94232"},{"taxonomy":"product_tag","embeddable":true,"href":"https:\/\/lutinetgazelle.com\/en\/wp-json\/wp\/v2\/product_tag?post=94232"}],"curies":[{"name":"wp","href":"https:\/\/api.w.org\/{rel}","templated":true}]}}