{"id":94030,"date":"2025-11-23T16:59:01","date_gmt":"2025-11-23T15:59:01","guid":{"rendered":"https:\/\/lutinetgazelle.com\/?post_type=product&#038;p=94030"},"modified":"2025-11-23T17:38:02","modified_gmt":"2025-11-23T16:38:02","slug":"etagere-bambou-70s","status":"publish","type":"product","link":"https:\/\/lutinetgazelle.com\/en\/boutique\/etagere-bambou-70s\/","title":{"rendered":"Etagere Bambou 70s"},"content":{"rendered":"<p>Grande \u00e9tag\u00e8re en bambou vintage des ann\u00e9es 70<\/p>","protected":false},"excerpt":{"rendered":"<p>Grande \u00e9tag\u00e8re en bambou vintage des ann\u00e9es 70<\/p>","protected":false},"featured_media":69692,"comment_status":"open","ping_status":"closed","template":"","meta":{"_seopress_robots_primary_cat":"none","_seopress_titles_title":"etagere bambou 70","_seopress_titles_desc":"","_seopress_robots_index":"","_themeisle_gutenberg_block_has_review":false},"product_brand":[],"product_cat":[52],"product_tag":[],"class_list":{"0":"post-94030","1":"product","2":"type-product","3":"status-publish","4":"has-post-thumbnail","6":"product_cat-mobilier","8":"first","9":"instock","10":"taxable","11":"shipping-taxable","12":"purchasable","13":"product-type-simple"},"_links":{"self":[{"href":"https:\/\/lutinetgazelle.com\/en\/wp-json\/wp\/v2\/product\/94030","targetHints":{"allow":["GET"]}}],"collection":[{"href":"https:\/\/lutinetgazelle.com\/en\/wp-json\/wp\/v2\/product"}],"about":[{"href":"https:\/\/lutinetgazelle.com\/en\/wp-json\/wp\/v2\/types\/product"}],"replies":[{"embeddable":true,"href":"https:\/\/lutinetgazelle.com\/en\/wp-json\/wp\/v2\/comments?post=94030"}],"wp:featuredmedia":[{"embeddable":true,"href":"https:\/\/lutinetgazelle.com\/en\/wp-json\/wp\/v2\/media\/69692"}],"wp:attachment":[{"href":"https:\/\/lutinetgazelle.com\/en\/wp-json\/wp\/v2\/media?parent=94030"}],"wp:term":[{"taxonomy":"product_brand","embeddable":true,"href":"https:\/\/lutinetgazelle.com\/en\/wp-json\/wp\/v2\/product_brand?post=94030"},{"taxonomy":"product_cat","embeddable":true,"href":"https:\/\/lutinetgazelle.com\/en\/wp-json\/wp\/v2\/product_cat?post=94030"},{"taxonomy":"product_tag","embeddable":true,"href":"https:\/\/lutinetgazelle.com\/en\/wp-json\/wp\/v2\/product_tag?post=94030"}],"curies":[{"name":"wp","href":"https:\/\/api.w.org\/{rel}","templated":true}]}}