{"id":8153,"date":"2025-09-16T11:58:32","date_gmt":"2025-09-16T09:58:32","guid":{"rendered":"https:\/\/lutinetgazelle.com\/?post_type=product&#038;p=8153"},"modified":"2025-11-24T12:20:07","modified_gmt":"2025-11-24T11:20:07","slug":"set-de-bureau-canarie-bruno-munari-pour-danese-milano-1957","status":"publish","type":"product","link":"https:\/\/lutinetgazelle.com\/en\/boutique\/set-de-bureau-canarie-bruno-munari-pour-danese-milano-1957\/","title":{"rendered":"Set de bureau Canarie Bruno Munari pour Danese Milano 1957"},"content":{"rendered":"<p>Boite d\u2019origine en aluminium. Les quatre pots sont en m\u00e9lamine de couleur orange. La partie qui transforme ces pots en cendrier, pot \u00e0 crayon et pot \u00e0 trombones est en aluminium et se d\u00e9tache du contenant. Le set est en bon \u00e9tat mais comporte quand m\u00eame quelques marques d\u2019usure du temps comme de l\u00e9g\u00e8res rayures sur la partie en m\u00e9lamine et sur la boite dans laquelle se rangent les pots. Chaque pot est grav\u00e9 du logo Danese Milano ainsi que de B. Munari 1957 et de la mention \u00ab\u00a0Made in Italy\u00a0\u00bb.<\/p>","protected":false},"excerpt":{"rendered":"<p>Boite d\u2019origine en aluminium. Les quatre pots sont en m\u00e9lamine de couleur orange. La partie qui transforme ces pots en cendrier, pot \u00e0 crayon et pot \u00e0 trombones est en aluminium et se d\u00e9tache du contenant. Le set est en bon \u00e9tat mais comporte quand m\u00eame quelques marques d\u2019usure du temps comme de l\u00e9g\u00e8res rayures sur la partie en m\u00e9lamine et sur la boite dans laquelle se rangent les pots. Chaque pot est grav\u00e9 du logo Danese Milano ainsi que de B. Munari 1957 et de la mention \u00ab\u00a0Made in Italy\u00a0\u00bb.<\/p>","protected":false},"featured_media":7669,"comment_status":"open","ping_status":"closed","template":"","meta":{"_seopress_robots_primary_cat":"none","_seopress_titles_title":"","_seopress_titles_desc":"","_seopress_robots_index":"","_themeisle_gutenberg_block_has_review":false},"product_brand":[],"product_cat":[52],"product_tag":[72],"class_list":{"0":"post-8153","1":"product","2":"type-product","3":"status-publish","4":"has-post-thumbnail","6":"product_cat-mobilier","7":"product_tag-home-etiquette","9":"first","10":"instock","11":"sale","12":"taxable","13":"shipping-taxable","14":"purchasable","15":"product-type-simple"},"_links":{"self":[{"href":"https:\/\/lutinetgazelle.com\/en\/wp-json\/wp\/v2\/product\/8153","targetHints":{"allow":["GET"]}}],"collection":[{"href":"https:\/\/lutinetgazelle.com\/en\/wp-json\/wp\/v2\/product"}],"about":[{"href":"https:\/\/lutinetgazelle.com\/en\/wp-json\/wp\/v2\/types\/product"}],"replies":[{"embeddable":true,"href":"https:\/\/lutinetgazelle.com\/en\/wp-json\/wp\/v2\/comments?post=8153"}],"wp:featuredmedia":[{"embeddable":true,"href":"https:\/\/lutinetgazelle.com\/en\/wp-json\/wp\/v2\/media\/7669"}],"wp:attachment":[{"href":"https:\/\/lutinetgazelle.com\/en\/wp-json\/wp\/v2\/media?parent=8153"}],"wp:term":[{"taxonomy":"product_brand","embeddable":true,"href":"https:\/\/lutinetgazelle.com\/en\/wp-json\/wp\/v2\/product_brand?post=8153"},{"taxonomy":"product_cat","embeddable":true,"href":"https:\/\/lutinetgazelle.com\/en\/wp-json\/wp\/v2\/product_cat?post=8153"},{"taxonomy":"product_tag","embeddable":true,"href":"https:\/\/lutinetgazelle.com\/en\/wp-json\/wp\/v2\/product_tag?post=8153"}],"curies":[{"name":"wp","href":"https:\/\/api.w.org\/{rel}","templated":true}]}}