{"id":23778,"date":"2025-10-02T15:07:29","date_gmt":"2025-10-02T13:07:29","guid":{"rendered":"https:\/\/lutinetgazelle.com\/?post_type=product&#038;p=23778"},"modified":"2025-11-24T12:18:17","modified_gmt":"2025-11-24T11:18:17","slug":"etagere-murale-tomado-holland-1950","status":"publish","type":"product","link":"https:\/\/lutinetgazelle.com\/en\/boutique\/etagere-murale-tomado-holland-1950\/","title":{"rendered":"Etagere murale Tomado Holland, 1950"},"content":{"rendered":"<p class=\"p1\"><b>Etagere murale Tomado Holland, 1950<\/b><\/p>\n<p class=\"p1\">\u00a0Etag\u00e8re murale Tomado Holland. \u00c9tag\u00e8re modulable con\u00e7ue par le designer Adriaan Dekker. Joli meuble design et authentique en tr\u00e8s bel \u00e9tat. La structure m\u00e9tallique est compos\u00e9e de 2 montants en m\u00e9tal de couleur noir. Les 3 \u00e9tag\u00e8res sont de couleur bleue, rouge et jaune et sont estampill\u00e9es Tomado Holland. Il s\u2019agit d\u2019une \u00e9dition originale des ann\u00e9es 50. Adriaan Dekker est un designer hollandais du XX\u00e8me si\u00e8cle. Son \u0153uvre la plus connue est l\u2019\u00e9tag\u00e8re murale dessin\u00e9e pour Tomado dans les ann\u00e9es 1950.<\/p>","protected":false},"excerpt":{"rendered":"<p>Etagere murale Tomado Holland, 1950 \u00a0Etag\u00e8re murale Tomado Holland. \u00c9tag\u00e8re modulable con\u00e7ue par le designer Adriaan Dekker. Joli meuble design et authentique en tr\u00e8s bel \u00e9tat. La structure m\u00e9tallique est compos\u00e9e de 2 montants en m\u00e9tal de couleur noir. Les 3 \u00e9tag\u00e8res sont de couleur bleue, rouge et jaune et sont estampill\u00e9es Tomado Holland. Il [&hellip;]<\/p>\n","protected":false},"featured_media":23796,"comment_status":"open","ping_status":"closed","template":"","meta":{"_seopress_robots_primary_cat":"none","_seopress_titles_title":"","_seopress_titles_desc":"","_seopress_robots_index":"","_themeisle_gutenberg_block_has_review":false},"product_brand":[],"product_cat":[52],"product_tag":[72],"class_list":{"0":"post-23778","1":"product","2":"type-product","3":"status-publish","4":"has-post-thumbnail","6":"product_cat-mobilier","7":"product_tag-home-etiquette","9":"first","10":"instock","11":"sale","12":"taxable","13":"shipping-taxable","14":"purchasable","15":"product-type-simple"},"_links":{"self":[{"href":"https:\/\/lutinetgazelle.com\/en\/wp-json\/wp\/v2\/product\/23778","targetHints":{"allow":["GET"]}}],"collection":[{"href":"https:\/\/lutinetgazelle.com\/en\/wp-json\/wp\/v2\/product"}],"about":[{"href":"https:\/\/lutinetgazelle.com\/en\/wp-json\/wp\/v2\/types\/product"}],"replies":[{"embeddable":true,"href":"https:\/\/lutinetgazelle.com\/en\/wp-json\/wp\/v2\/comments?post=23778"}],"wp:featuredmedia":[{"embeddable":true,"href":"https:\/\/lutinetgazelle.com\/en\/wp-json\/wp\/v2\/media\/23796"}],"wp:attachment":[{"href":"https:\/\/lutinetgazelle.com\/en\/wp-json\/wp\/v2\/media?parent=23778"}],"wp:term":[{"taxonomy":"product_brand","embeddable":true,"href":"https:\/\/lutinetgazelle.com\/en\/wp-json\/wp\/v2\/product_brand?post=23778"},{"taxonomy":"product_cat","embeddable":true,"href":"https:\/\/lutinetgazelle.com\/en\/wp-json\/wp\/v2\/product_cat?post=23778"},{"taxonomy":"product_tag","embeddable":true,"href":"https:\/\/lutinetgazelle.com\/en\/wp-json\/wp\/v2\/product_tag?post=23778"}],"curies":[{"name":"wp","href":"https:\/\/api.w.org\/{rel}","templated":true}]}}