{"id":168573,"date":"2026-03-24T11:37:54","date_gmt":"2026-03-24T10:37:54","guid":{"rendered":"https:\/\/lutinetgazelle.com\/?post_type=product&#038;p=168573"},"modified":"2026-03-24T15:30:34","modified_gmt":"2026-03-24T14:30:34","slug":"vase-vallauris-motif-poisson","status":"publish","type":"product","link":"https:\/\/lutinetgazelle.com\/en\/boutique\/vase-vallauris-motif-poisson\/","title":{"rendered":"Vase Monte Carlo motif poisson"},"content":{"rendered":"<p>Vase c\u00e9ramique jaune Vallauris sign\u00e9 ann\u00e9e 70<\/p>\n<p>hauteur : 15cm<\/p>\n<p>excellent \u00e9tat g\u00e9n\u00e9ral<\/p>","protected":false},"excerpt":{"rendered":"<p>Vase c\u00e9ramique jaune Vallauris sign\u00e9 ann\u00e9e 70 hauteur : 15cm excellent \u00e9tat g\u00e9n\u00e9ral<\/p>","protected":false},"featured_media":168590,"comment_status":"open","ping_status":"closed","template":"","meta":{"_seopress_robots_primary_cat":"none","_seopress_titles_title":"","_seopress_titles_desc":"","_seopress_robots_index":"","_themeisle_gutenberg_block_has_review":false},"product_brand":[],"product_cat":[44,74],"product_tag":[],"class_list":{"0":"post-168573","1":"product","2":"type-product","3":"status-publish","4":"has-post-thumbnail","6":"product_cat-bibelots","7":"product_cat-brocante","9":"first","10":"instock","11":"taxable","12":"shipping-taxable","13":"purchasable","14":"product-type-simple"},"_links":{"self":[{"href":"https:\/\/lutinetgazelle.com\/en\/wp-json\/wp\/v2\/product\/168573","targetHints":{"allow":["GET"]}}],"collection":[{"href":"https:\/\/lutinetgazelle.com\/en\/wp-json\/wp\/v2\/product"}],"about":[{"href":"https:\/\/lutinetgazelle.com\/en\/wp-json\/wp\/v2\/types\/product"}],"replies":[{"embeddable":true,"href":"https:\/\/lutinetgazelle.com\/en\/wp-json\/wp\/v2\/comments?post=168573"}],"wp:featuredmedia":[{"embeddable":true,"href":"https:\/\/lutinetgazelle.com\/en\/wp-json\/wp\/v2\/media\/168590"}],"wp:attachment":[{"href":"https:\/\/lutinetgazelle.com\/en\/wp-json\/wp\/v2\/media?parent=168573"}],"wp:term":[{"taxonomy":"product_brand","embeddable":true,"href":"https:\/\/lutinetgazelle.com\/en\/wp-json\/wp\/v2\/product_brand?post=168573"},{"taxonomy":"product_cat","embeddable":true,"href":"https:\/\/lutinetgazelle.com\/en\/wp-json\/wp\/v2\/product_cat?post=168573"},{"taxonomy":"product_tag","embeddable":true,"href":"https:\/\/lutinetgazelle.com\/en\/wp-json\/wp\/v2\/product_tag?post=168573"}],"curies":[{"name":"wp","href":"https:\/\/api.w.org\/{rel}","templated":true}]}}