{"id":168474,"date":"2026-03-24T11:20:16","date_gmt":"2026-03-24T10:20:16","guid":{"rendered":"https:\/\/lutinetgazelle.com\/?post_type=product&#038;p=168474"},"modified":"2026-03-24T11:43:28","modified_gmt":"2026-03-24T10:43:28","slug":"chauffeuse-motif-fleurs-annee-60","status":"publish","type":"product","link":"https:\/\/lutinetgazelle.com\/en\/boutique\/chauffeuse-motif-fleurs-annee-60\/","title":{"rendered":"chauffeuse motif fleurs annee 60"},"content":{"rendered":"<p>Chauffeuse tissu\u00a0 \u00a03 \u00e9l\u00e9ments avec anse de transport en plastique\u00a0 motif fleur<\/p>\n<p>Parfait \u00e9tat du tissu, id\u00e9al pour aller \u00e0 la plage.<\/p>\n<p>ann\u00e9e 1960<\/p>","protected":false},"excerpt":{"rendered":"<p>Chauffeuse tissu\u00a0 \u00a03 \u00e9l\u00e9ments avec anse de transport en plastique\u00a0 motif fleur Parfait \u00e9tat du tissu, id\u00e9al pour aller \u00e0 la plage. ann\u00e9e 1960<\/p>","protected":false},"featured_media":168024,"comment_status":"open","ping_status":"closed","template":"","meta":{"_seopress_robots_primary_cat":"none","_seopress_titles_title":"","_seopress_titles_desc":"","_seopress_robots_index":"","_themeisle_gutenberg_block_has_review":false},"product_brand":[],"product_cat":[74,69],"product_tag":[],"class_list":{"0":"post-168474","1":"product","2":"type-product","3":"status-publish","4":"has-post-thumbnail","6":"product_cat-brocante","7":"product_cat-tapis","9":"first","10":"instock","11":"taxable","12":"shipping-taxable","13":"purchasable","14":"product-type-simple"},"_links":{"self":[{"href":"https:\/\/lutinetgazelle.com\/en\/wp-json\/wp\/v2\/product\/168474","targetHints":{"allow":["GET"]}}],"collection":[{"href":"https:\/\/lutinetgazelle.com\/en\/wp-json\/wp\/v2\/product"}],"about":[{"href":"https:\/\/lutinetgazelle.com\/en\/wp-json\/wp\/v2\/types\/product"}],"replies":[{"embeddable":true,"href":"https:\/\/lutinetgazelle.com\/en\/wp-json\/wp\/v2\/comments?post=168474"}],"wp:featuredmedia":[{"embeddable":true,"href":"https:\/\/lutinetgazelle.com\/en\/wp-json\/wp\/v2\/media\/168024"}],"wp:attachment":[{"href":"https:\/\/lutinetgazelle.com\/en\/wp-json\/wp\/v2\/media?parent=168474"}],"wp:term":[{"taxonomy":"product_brand","embeddable":true,"href":"https:\/\/lutinetgazelle.com\/en\/wp-json\/wp\/v2\/product_brand?post=168474"},{"taxonomy":"product_cat","embeddable":true,"href":"https:\/\/lutinetgazelle.com\/en\/wp-json\/wp\/v2\/product_cat?post=168474"},{"taxonomy":"product_tag","embeddable":true,"href":"https:\/\/lutinetgazelle.com\/en\/wp-json\/wp\/v2\/product_tag?post=168474"}],"curies":[{"name":"wp","href":"https:\/\/api.w.org\/{rel}","templated":true}]}}