{"id":139588,"date":"2026-02-04T15:06:54","date_gmt":"2026-02-04T14:06:54","guid":{"rendered":"https:\/\/lutinetgazelle.com\/?post_type=product&#038;p=139588"},"modified":"2026-02-04T15:25:15","modified_gmt":"2026-02-04T14:25:15","slug":"desserte-rouge-a-roulettes-et-fer-forge-annees-50","status":"publish","type":"product","link":"https:\/\/lutinetgazelle.com\/en\/boutique\/desserte-rouge-a-roulettes-et-fer-forge-annees-50\/","title":{"rendered":"Desserte rouge a roulettes"},"content":{"rendered":"<p>table en fer fer forg\u00e9 \u00e0 roulette ann\u00e9e 50<\/p>\n<p>excellent \u00e9tat<\/p>","protected":false},"excerpt":{"rendered":"<p>table en fer fer forg\u00e9 \u00e0 roulette ann\u00e9e 50 excellent \u00e9tat<\/p>","protected":false},"featured_media":136133,"comment_status":"open","ping_status":"closed","template":"","meta":{"_seopress_robots_primary_cat":"none","_seopress_titles_title":"","_seopress_titles_desc":"","_seopress_robots_index":"","_themeisle_gutenberg_block_has_review":false},"product_brand":[],"product_cat":[52],"product_tag":[],"class_list":{"0":"post-139588","1":"product","2":"type-product","3":"status-publish","4":"has-post-thumbnail","6":"product_cat-mobilier","8":"first","9":"instock","10":"taxable","11":"shipping-taxable","12":"purchasable","13":"product-type-simple"},"_links":{"self":[{"href":"https:\/\/lutinetgazelle.com\/en\/wp-json\/wp\/v2\/product\/139588","targetHints":{"allow":["GET"]}}],"collection":[{"href":"https:\/\/lutinetgazelle.com\/en\/wp-json\/wp\/v2\/product"}],"about":[{"href":"https:\/\/lutinetgazelle.com\/en\/wp-json\/wp\/v2\/types\/product"}],"replies":[{"embeddable":true,"href":"https:\/\/lutinetgazelle.com\/en\/wp-json\/wp\/v2\/comments?post=139588"}],"wp:featuredmedia":[{"embeddable":true,"href":"https:\/\/lutinetgazelle.com\/en\/wp-json\/wp\/v2\/media\/136133"}],"wp:attachment":[{"href":"https:\/\/lutinetgazelle.com\/en\/wp-json\/wp\/v2\/media?parent=139588"}],"wp:term":[{"taxonomy":"product_brand","embeddable":true,"href":"https:\/\/lutinetgazelle.com\/en\/wp-json\/wp\/v2\/product_brand?post=139588"},{"taxonomy":"product_cat","embeddable":true,"href":"https:\/\/lutinetgazelle.com\/en\/wp-json\/wp\/v2\/product_cat?post=139588"},{"taxonomy":"product_tag","embeddable":true,"href":"https:\/\/lutinetgazelle.com\/en\/wp-json\/wp\/v2\/product_tag?post=139588"}],"curies":[{"name":"wp","href":"https:\/\/api.w.org\/{rel}","templated":true}]}}