{"id":138456,"date":"2026-02-02T16:11:38","date_gmt":"2026-02-02T15:11:38","guid":{"rendered":"https:\/\/lutinetgazelle.com\/?post_type=product&#038;p=138456"},"modified":"2026-02-02T16:38:28","modified_gmt":"2026-02-02T15:38:28","slug":"plateau-fromage-valauris","status":"publish","type":"product","link":"https:\/\/lutinetgazelle.com\/en\/boutique\/plateau-fromage-valauris\/","title":{"rendered":"plateau fromage valauris"},"content":{"rendered":"<div class=\"flex\" data-testid=\"product-description-spec\">Dimensions :H15 x L24 x P24<\/div>\n<div class=\"flex\" data-testid=\"product-description-spec\">Couleur :jaune<\/div>\n<div class=\"flex\" data-testid=\"product-description-spec\">Mat\u00e9riaux :c\u00e9ramique, porcelaine et fa\u00efence<\/div>\n<div class=\"flex\" data-testid=\"product-description-spec\">Style :vintage<\/div>\n<div class=\"flex-1 text-sm\">\n<p data-testid=\"product-description\"><span class=\"whitespace-pre-line\">Plateau \u00e0 fromages en c\u00e9ramique \u00e9maill\u00e9e barbotine vintage. D\u00e9cor de fruits. \u00c9tat d usage tr\u00e8s bon.<\/span><\/p>\n<\/div>","protected":false},"excerpt":{"rendered":"<p>Dimensions :H15 x L24 x P24 Couleur :jaune Mat\u00e9riaux :c\u00e9ramique, porcelaine et fa\u00efence Style :vintage Plateau \u00e0 fromages en c\u00e9ramique \u00e9maill\u00e9e barbotine vintage. D\u00e9cor de fruits. \u00c9tat d usage tr\u00e8s bon.<\/p>","protected":false},"featured_media":138465,"comment_status":"open","ping_status":"closed","template":"","meta":{"_seopress_robots_primary_cat":"none","_seopress_titles_title":"","_seopress_titles_desc":"","_seopress_robots_index":"","_themeisle_gutenberg_block_has_review":false},"product_brand":[],"product_cat":[44],"product_tag":[],"class_list":{"0":"post-138456","1":"product","2":"type-product","3":"status-publish","4":"has-post-thumbnail","6":"product_cat-bibelots","8":"first","9":"instock","10":"purchasable","11":"product-type-simple"},"_links":{"self":[{"href":"https:\/\/lutinetgazelle.com\/en\/wp-json\/wp\/v2\/product\/138456","targetHints":{"allow":["GET"]}}],"collection":[{"href":"https:\/\/lutinetgazelle.com\/en\/wp-json\/wp\/v2\/product"}],"about":[{"href":"https:\/\/lutinetgazelle.com\/en\/wp-json\/wp\/v2\/types\/product"}],"replies":[{"embeddable":true,"href":"https:\/\/lutinetgazelle.com\/en\/wp-json\/wp\/v2\/comments?post=138456"}],"wp:featuredmedia":[{"embeddable":true,"href":"https:\/\/lutinetgazelle.com\/en\/wp-json\/wp\/v2\/media\/138465"}],"wp:attachment":[{"href":"https:\/\/lutinetgazelle.com\/en\/wp-json\/wp\/v2\/media?parent=138456"}],"wp:term":[{"taxonomy":"product_brand","embeddable":true,"href":"https:\/\/lutinetgazelle.com\/en\/wp-json\/wp\/v2\/product_brand?post=138456"},{"taxonomy":"product_cat","embeddable":true,"href":"https:\/\/lutinetgazelle.com\/en\/wp-json\/wp\/v2\/product_cat?post=138456"},{"taxonomy":"product_tag","embeddable":true,"href":"https:\/\/lutinetgazelle.com\/en\/wp-json\/wp\/v2\/product_tag?post=138456"}],"curies":[{"name":"wp","href":"https:\/\/api.w.org\/{rel}","templated":true}]}}