{"id":136201,"date":"2026-01-28T14:41:33","date_gmt":"2026-01-28T13:41:33","guid":{"rendered":"https:\/\/lutinetgazelle.com\/?post_type=product&#038;p=136201"},"modified":"2026-01-28T15:01:23","modified_gmt":"2026-01-28T14:01:23","slug":"tables-marema","status":"publish","type":"product","link":"https:\/\/lutinetgazelle.com\/en\/boutique\/tables-marema\/","title":{"rendered":"Tables Marema"},"content":{"rendered":"<p>4 tables gigognes \u00a0\u00bb Marema \u00a0\u00bb de Gian Franco Frattini pour Cassina 1967<\/p>\n<p>Couleur :jaune<\/p>\n<p>Dimensions approximatives : \u2022 43 x 23 cm \u2022 43 x 28 cm \u2022 43 x 33 cm \u2022 43 x 38 cm<\/p>\n<p>\u00c9diteur : Cassina, Italie Ann\u00e9e : 1967 Mat\u00e9riau : ABS<\/p>\n<p>\u00c9tat : bon \u00e9tat malgr\u00e9 une tache sur une des tables et pi\u00e8ce avec un manque<\/p>\n<p>&nbsp;<\/p>","protected":false},"excerpt":{"rendered":"<p>4 tables gigognes \u00a0\u00bb Marema \u00a0\u00bb de Gian Franco Frattini pour Cassina 1967 Couleur :jaune Dimensions approximatives : \u2022 43 x 23 cm \u2022 43 x 28 cm \u2022 43 x 33 cm \u2022 43 x 38 cm \u00c9diteur : Cassina, Italie Ann\u00e9e : 1967 Mat\u00e9riau : ABS \u00c9tat : bon \u00e9tat malgr\u00e9 une tache [&hellip;]<\/p>\n","protected":false},"featured_media":136336,"comment_status":"open","ping_status":"closed","template":"","meta":{"_seopress_robots_primary_cat":"none","_seopress_titles_title":"","_seopress_titles_desc":"","_seopress_robots_index":"","_themeisle_gutenberg_block_has_review":false},"product_brand":[],"product_cat":[52],"product_tag":[],"class_list":{"0":"post-136201","1":"product","2":"type-product","3":"status-publish","4":"has-post-thumbnail","6":"product_cat-mobilier","8":"first","9":"instock","10":"shipping-taxable","11":"purchasable","12":"product-type-simple"},"_links":{"self":[{"href":"https:\/\/lutinetgazelle.com\/en\/wp-json\/wp\/v2\/product\/136201","targetHints":{"allow":["GET"]}}],"collection":[{"href":"https:\/\/lutinetgazelle.com\/en\/wp-json\/wp\/v2\/product"}],"about":[{"href":"https:\/\/lutinetgazelle.com\/en\/wp-json\/wp\/v2\/types\/product"}],"replies":[{"embeddable":true,"href":"https:\/\/lutinetgazelle.com\/en\/wp-json\/wp\/v2\/comments?post=136201"}],"wp:featuredmedia":[{"embeddable":true,"href":"https:\/\/lutinetgazelle.com\/en\/wp-json\/wp\/v2\/media\/136336"}],"wp:attachment":[{"href":"https:\/\/lutinetgazelle.com\/en\/wp-json\/wp\/v2\/media?parent=136201"}],"wp:term":[{"taxonomy":"product_brand","embeddable":true,"href":"https:\/\/lutinetgazelle.com\/en\/wp-json\/wp\/v2\/product_brand?post=136201"},{"taxonomy":"product_cat","embeddable":true,"href":"https:\/\/lutinetgazelle.com\/en\/wp-json\/wp\/v2\/product_cat?post=136201"},{"taxonomy":"product_tag","embeddable":true,"href":"https:\/\/lutinetgazelle.com\/en\/wp-json\/wp\/v2\/product_tag?post=136201"}],"curies":[{"name":"wp","href":"https:\/\/api.w.org\/{rel}","templated":true}]}}