{"id":104673,"date":"2025-12-02T16:41:55","date_gmt":"2025-12-02T15:41:55","guid":{"rendered":"https:\/\/lutinetgazelle.com\/?post_type=product&#038;p=104673"},"modified":"2026-03-23T19:13:00","modified_gmt":"2026-03-23T18:13:00","slug":"affiche-jardin-japonais","status":"publish","type":"product","link":"https:\/\/lutinetgazelle.com\/en\/boutique\/affiche-jardin-japonais\/","title":{"rendered":"Affiche Jardin Japonais"},"content":{"rendered":"<p>Lithographie originale sign\u00e9e : jardin japonais\u00a0 du c\u00e9l\u00e8bre affichiste fran\u00e7ais Michel Auriac &#8211; Japon<\/p>\n<div data-tn=\"pdp-main-title\">\n<p class=\"dc-sassyFontHeaderMedium\" data-tn=\"pdp-item-creation-date\">Circa 1970<\/p>\n<\/div>\n<p>s\u00e9rie limit\u00e9e n\u00b0 73\/120<\/p>\n<p>Dimension: 79cm x 60cm<\/p>\n<p>&nbsp;<\/p>","protected":false},"excerpt":{"rendered":"<p>Lithographie originale sign\u00e9e : jardin japonais\u00a0 du c\u00e9l\u00e8bre affichiste fran\u00e7ais Michel Auriac &#8211; Japon Circa 1970 s\u00e9rie limit\u00e9e n\u00b0 73\/120 Dimension: 79cm x 60cm &nbsp;<\/p>","protected":false},"featured_media":104513,"comment_status":"open","ping_status":"closed","template":"","meta":{"_seopress_robots_primary_cat":"none","_seopress_titles_title":"","_seopress_titles_desc":"","_seopress_robots_index":"","_themeisle_gutenberg_block_has_review":false},"product_brand":[],"product_cat":[51],"product_tag":[],"class_list":{"0":"post-104673","1":"product","2":"type-product","3":"status-publish","4":"has-post-thumbnail","6":"product_cat-affiches-et-illustrations","8":"first","9":"instock","10":"taxable","11":"shipping-taxable","12":"purchasable","13":"product-type-simple"},"_links":{"self":[{"href":"https:\/\/lutinetgazelle.com\/en\/wp-json\/wp\/v2\/product\/104673","targetHints":{"allow":["GET"]}}],"collection":[{"href":"https:\/\/lutinetgazelle.com\/en\/wp-json\/wp\/v2\/product"}],"about":[{"href":"https:\/\/lutinetgazelle.com\/en\/wp-json\/wp\/v2\/types\/product"}],"replies":[{"embeddable":true,"href":"https:\/\/lutinetgazelle.com\/en\/wp-json\/wp\/v2\/comments?post=104673"}],"wp:featuredmedia":[{"embeddable":true,"href":"https:\/\/lutinetgazelle.com\/en\/wp-json\/wp\/v2\/media\/104513"}],"wp:attachment":[{"href":"https:\/\/lutinetgazelle.com\/en\/wp-json\/wp\/v2\/media?parent=104673"}],"wp:term":[{"taxonomy":"product_brand","embeddable":true,"href":"https:\/\/lutinetgazelle.com\/en\/wp-json\/wp\/v2\/product_brand?post=104673"},{"taxonomy":"product_cat","embeddable":true,"href":"https:\/\/lutinetgazelle.com\/en\/wp-json\/wp\/v2\/product_cat?post=104673"},{"taxonomy":"product_tag","embeddable":true,"href":"https:\/\/lutinetgazelle.com\/en\/wp-json\/wp\/v2\/product_tag?post=104673"}],"curies":[{"name":"wp","href":"https:\/\/api.w.org\/{rel}","templated":true}]}}