{"id":104538,"date":"2025-12-02T16:22:38","date_gmt":"2025-12-02T15:22:38","guid":{"rendered":"https:\/\/lutinetgazelle.com\/?post_type=product&#038;p=104538"},"modified":"2026-01-27T19:11:11","modified_gmt":"2026-01-27T18:11:11","slug":"affiche-air-orient","status":"publish","type":"product","link":"https:\/\/lutinetgazelle.com\/en\/boutique\/affiche-air-orient\/","title":{"rendered":"Affiche Air Orient"},"content":{"rendered":"<p>Affiche publicitaire Air France Air Orient Paul Colin<\/p>\n<p>S\u00e9rie limit\u00e9e<\/p>\n<p>Dimension: 63cm x 93 cm<\/p>\n<p>r\u00e9\u00e9dition ann\u00e9e 80<\/p>","protected":false},"excerpt":{"rendered":"<p>Affiche publicitaire Air France Air Orient Paul Colin S\u00e9rie limit\u00e9e Dimension: 63cm x 93 cm r\u00e9\u00e9dition ann\u00e9e 80<\/p>","protected":false},"featured_media":104610,"comment_status":"open","ping_status":"closed","template":"","meta":{"_seopress_robots_primary_cat":"none","_seopress_titles_title":"","_seopress_titles_desc":"","_seopress_robots_index":"","_themeisle_gutenberg_block_has_review":false},"product_brand":[],"product_cat":[51],"product_tag":[],"class_list":{"0":"post-104538","1":"product","2":"type-product","3":"status-publish","4":"has-post-thumbnail","6":"product_cat-affiches-et-illustrations","8":"first","9":"instock","10":"shipping-taxable","11":"purchasable","12":"product-type-simple"},"_links":{"self":[{"href":"https:\/\/lutinetgazelle.com\/en\/wp-json\/wp\/v2\/product\/104538","targetHints":{"allow":["GET"]}}],"collection":[{"href":"https:\/\/lutinetgazelle.com\/en\/wp-json\/wp\/v2\/product"}],"about":[{"href":"https:\/\/lutinetgazelle.com\/en\/wp-json\/wp\/v2\/types\/product"}],"replies":[{"embeddable":true,"href":"https:\/\/lutinetgazelle.com\/en\/wp-json\/wp\/v2\/comments?post=104538"}],"wp:featuredmedia":[{"embeddable":true,"href":"https:\/\/lutinetgazelle.com\/en\/wp-json\/wp\/v2\/media\/104610"}],"wp:attachment":[{"href":"https:\/\/lutinetgazelle.com\/en\/wp-json\/wp\/v2\/media?parent=104538"}],"wp:term":[{"taxonomy":"product_brand","embeddable":true,"href":"https:\/\/lutinetgazelle.com\/en\/wp-json\/wp\/v2\/product_brand?post=104538"},{"taxonomy":"product_cat","embeddable":true,"href":"https:\/\/lutinetgazelle.com\/en\/wp-json\/wp\/v2\/product_cat?post=104538"},{"taxonomy":"product_tag","embeddable":true,"href":"https:\/\/lutinetgazelle.com\/en\/wp-json\/wp\/v2\/product_tag?post=104538"}],"curies":[{"name":"wp","href":"https:\/\/api.w.org\/{rel}","templated":true}]}}