{"id":103831,"date":"2025-12-02T14:25:41","date_gmt":"2025-12-02T13:25:41","guid":{"rendered":"https:\/\/lutinetgazelle.com\/?post_type=product&#038;p=103831"},"modified":"2025-12-09T11:35:36","modified_gmt":"2025-12-09T10:35:36","slug":"lampe-ceramique-accolay","status":"publish","type":"product","link":"https:\/\/lutinetgazelle.com\/en\/boutique\/lampe-ceramique-accolay\/","title":{"rendered":"Lampe  Ceramique Ploum"},"content":{"rendered":"<p>Lampe vintage pied c\u00e9ramique motif floral abat-jour en r\u00e9sine et v\u00e9g\u00e9taux de Roscoff<\/p>\n<p>Plum\u00a0 70&rsquo;s France<\/p>\n<p>Dimension : 78cm<\/p>\n<p>&nbsp;<\/p>\n<p>&nbsp;<\/p>","protected":false},"excerpt":{"rendered":"<p>Lampe vintage pied c\u00e9ramique motif floral abat-jour en r\u00e9sine et v\u00e9g\u00e9taux de Roscoff Plum\u00a0 70&rsquo;s France Dimension : 78cm &nbsp; &nbsp;<\/p>","protected":false},"featured_media":103843,"comment_status":"open","ping_status":"closed","template":"","meta":{"_seopress_robots_primary_cat":"none","_seopress_titles_title":"","_seopress_titles_desc":"","_seopress_robots_index":"","_themeisle_gutenberg_block_has_review":false},"product_brand":[],"product_cat":[49],"product_tag":[],"class_list":{"0":"post-103831","1":"product","2":"type-product","3":"status-publish","4":"has-post-thumbnail","6":"product_cat-luminaires","8":"first","9":"instock","10":"shipping-taxable","11":"purchasable","12":"product-type-simple"},"_links":{"self":[{"href":"https:\/\/lutinetgazelle.com\/en\/wp-json\/wp\/v2\/product\/103831","targetHints":{"allow":["GET"]}}],"collection":[{"href":"https:\/\/lutinetgazelle.com\/en\/wp-json\/wp\/v2\/product"}],"about":[{"href":"https:\/\/lutinetgazelle.com\/en\/wp-json\/wp\/v2\/types\/product"}],"replies":[{"embeddable":true,"href":"https:\/\/lutinetgazelle.com\/en\/wp-json\/wp\/v2\/comments?post=103831"}],"wp:featuredmedia":[{"embeddable":true,"href":"https:\/\/lutinetgazelle.com\/en\/wp-json\/wp\/v2\/media\/103843"}],"wp:attachment":[{"href":"https:\/\/lutinetgazelle.com\/en\/wp-json\/wp\/v2\/media?parent=103831"}],"wp:term":[{"taxonomy":"product_brand","embeddable":true,"href":"https:\/\/lutinetgazelle.com\/en\/wp-json\/wp\/v2\/product_brand?post=103831"},{"taxonomy":"product_cat","embeddable":true,"href":"https:\/\/lutinetgazelle.com\/en\/wp-json\/wp\/v2\/product_cat?post=103831"},{"taxonomy":"product_tag","embeddable":true,"href":"https:\/\/lutinetgazelle.com\/en\/wp-json\/wp\/v2\/product_tag?post=103831"}],"curies":[{"name":"wp","href":"https:\/\/api.w.org\/{rel}","templated":true}]}}