{"id":2427,"date":"2025-09-09T10:25:37","date_gmt":"2025-09-09T08:25:37","guid":{"rendered":"https:\/\/lutinetgazelle.com\/?page_id=2427"},"modified":"2026-04-30T17:28:49","modified_gmt":"2026-04-30T15:28:49","slug":"lutin-et-gazelle-2","status":"publish","type":"page","link":"https:\/\/lutinetgazelle.com\/en\/","title":{"rendered":"Accueil"},"content":{"rendered":"<div id=\"wp-block-themeisle-blocks-advanced-columns-2c60bc77\" class=\"wp-block-themeisle-blocks-advanced-columns has-1-columns has-desktop-equal-layout has-tablet-equal-layout has-mobile-collapsedRows-layout has-reverse-columns-mobile has-vertical-center ticss-c00aadba animated fadeIn delay-200ms o-anim-custom-speed o-anim-value-speed-4s\"><div class=\"wp-block-themeisle-blocks-advanced-columns-overlay\"><\/div><div class=\"innerblocks-wrap\">\n<div id=\"wp-block-themeisle-blocks-advanced-column-75b9263d\" class=\"wp-block-themeisle-blocks-advanced-column\">\n<div style=\"height:100px\" aria-hidden=\"true\" class=\"wp-block-spacer\"><\/div>\n\n\n\n<h1 id=\"wp-block-themeisle-blocks-advanced-heading-5d5675df\" class=\"wp-block-themeisle-blocks-advanced-heading wp-block-themeisle-blocks-advanced-heading-5d5675df o-typing- delay-500ms o-typing-delay-2s  h1-home\"><o-anim-typing>Lutin et gazelle<\/o-anim-typing><\/h1>\n\n\n\n<p id=\"wp-block-themeisle-blocks-advanced-heading-40ecd43d\" class=\"wp-block-themeisle-blocks-advanced-heading wp-block-themeisle-blocks-advanced-heading-40ecd43d animated fadeIn delay-5s slower\">Explorateurs culturels<\/p>\n\n\n\n<div style=\"height:100px\" aria-hidden=\"true\" class=\"wp-block-spacer\"><\/div>\n<\/div>\n<\/div><\/div>\n\n\n\n<div id=\"wp-block-themeisle-blocks-advanced-columns-865eb617\" class=\"wp-block-themeisle-blocks-advanced-columns has-1-columns has-desktop-equal-layout has-tablet-equal-layout has-mobile-equal-layout has-vertical-unset animated fadeIn o-anim-custom-delay o-anim-value-delay-7s\"><div class=\"wp-block-themeisle-blocks-advanced-columns-overlay\"><\/div><div class=\"innerblocks-wrap\">\n<div id=\"wp-block-themeisle-blocks-advanced-column-39b85c54\" class=\"wp-block-themeisle-blocks-advanced-column\">\n<p class=\"has-text-align-center has-custom-gris-fonc-color has-text-color has-link-color wp-elements-97809cc49b2d575f091d480f1a8a70c5\"><strong>Bienvenue chez Lutin et Gazelle !! Vous faire plaisir est notre passion. Vous souhaitez embellir votre logement, faire un cadeau original<\/strong>,\u00a0<strong>enrichir votre collection<\/strong>\u2026<strong>Nous sommes \u00e0 votre \u00e9coute pour vous satisfaire<\/strong>\u00a0<strong>et vous proposer une s\u00e9lection de design et mobilier Vintage \u00a0\u00a0\u00bb Mid-Century\u00a0<\/strong>\u00a0\u00bb <strong>Dans une d\u00e9marche \u00e9co-responsable nous donnons une seconde vie aux objets au sens large&#8230;<\/strong><\/p>\n<\/div>\n<\/div><\/div>\n\n\n\n<div id=\"wp-block-themeisle-blocks-advanced-columns-a7910e14\" class=\"wp-block-themeisle-blocks-advanced-columns has-1-columns has-desktop-equal-layout has-tablet-equal-layout has-mobile-equal-layout has-vertical-unset\"><div class=\"wp-block-themeisle-blocks-advanced-columns-overlay\"><\/div><div class=\"innerblocks-wrap\">\n<div id=\"wp-block-themeisle-blocks-advanced-column-a18890c5\" class=\"wp-block-themeisle-blocks-advanced-column\">\n<h2 id=\"wp-block-themeisle-blocks-advanced-heading-abdd163c\" class=\"wp-block-themeisle-blocks-advanced-heading wp-block-themeisle-blocks-advanced-heading-abdd163c has-light-bg animated fadeIn delay-1s slower o-anim-offset-o-anim-offset-0px\">Section-ecommerce<\/h2>\n\n\n\n<div id=\"wp-block-themeisle-blocks-advanced-columns-9bb10c14\" class=\"wp-block-themeisle-blocks-advanced-columns has-1-columns has-desktop-equal-layout has-tablet-equal-layout has-mobile-equal-layout has-vertical-unset\"><div class=\"wp-block-themeisle-blocks-advanced-columns-overlay\"><\/div><div class=\"innerblocks-wrap\">\n<div id=\"wp-block-themeisle-blocks-advanced-column-2edec230\" class=\"wp-block-themeisle-blocks-advanced-column\">\n<div class=\"wp-block-query is-layout-flow wp-block-query-is-layout-flow\"><ul class=\"columns-3 wp-block-post-template is-layout-grid wp-container-core-post-template-is-layout-f39bca43 wp-block-post-template-is-layout-grid\"><li class=\"wp-block-post post-23778 product type-product status-publish has-post-thumbnail product_cat-mobilier product_tag-home-etiquette first instock sale taxable shipping-taxable purchasable product-type-simple\">\n\n<div class=\"wp-block-group is-vertical is-content-justification-left is-nowrap is-layout-flex wp-container-core-group-is-layout-3b95c1a1 wp-block-group-is-layout-flex\" style=\"min-height:100%\"><figure class=\"wp-block-post-featured-image\"><a href=\"https:\/\/lutinetgazelle.com\/en\/boutique\/etagere-murale-tomado-holland-1950\/\" target=\"_self\"  ><img decoding=\"async\" width=\"500\" height=\"500\" src=\"https:\/\/lutinetgazelle.com\/wp-content\/uploads\/2025\/10\/etageres-string-tomado-holland-scaled-1-500x500.jpeg\" class=\"attachment-home-products size-home-products wp-post-image\" alt=\"Etagere murale Tomado Holland, 1950\" style=\"object-fit:cover;\" srcset=\"https:\/\/lutinetgazelle.com\/wp-content\/uploads\/2025\/10\/etageres-string-tomado-holland-scaled-1-500x500.jpeg 500w, https:\/\/lutinetgazelle.com\/wp-content\/uploads\/2025\/10\/etageres-string-tomado-holland-scaled-1-150x150.jpeg 150w, https:\/\/lutinetgazelle.com\/wp-content\/uploads\/2025\/10\/etageres-string-tomado-holland-scaled-1-300x300.jpeg 300w, https:\/\/lutinetgazelle.com\/wp-content\/uploads\/2025\/10\/etageres-string-tomado-holland-scaled-1-100x100.jpeg 100w\" sizes=\"(max-width: 500px) 100vw, 500px\" \/><\/a><\/figure>\n\n<h3 class=\"has-link-color wp-elements-cdefcd1ccf3b7939a25b93d29170b6dd wp-block-post-title has-text-color has-custom-gris-fonc-color\"><a href=\"https:\/\/lutinetgazelle.com\/en\/boutique\/etagere-murale-tomado-holland-1950\/\" target=\"_self\" >Etagere murale Tomado Holland, 1950<\/a><\/h3>\n\n<div data-block-name=\"woocommerce\/product-price\" data-is-descendent-of-query-loop=\"true\" data-style=\"{&quot;elements&quot;:{&quot;link&quot;:{&quot;color&quot;:{&quot;text&quot;:&quot;var:preset|color|custom-vert-fonc&quot;}}},&quot;typography&quot;:{&quot;fontStyle&quot;:&quot;normal&quot;,&quot;fontWeight&quot;:&quot;600&quot;},&quot;spacing&quot;:{&quot;margin&quot;:{&quot;bottom&quot;:&quot;var:preset|spacing|30&quot;}}}\" data-text-color=\"custom-vert-fonc\" style=\"font-style: normal; font-weight: 600; margin-bottom:var(--wp--preset--spacing--30); font-style:normal;font-weight:600; margin-bottom:var(--wp--preset--spacing--30);\" class=\"has-text-color has-custom-vert-fonc-color wp-elements-aaafc903ce8f21f09269d642ebefb326 wp-elements-aaafc903ce8f21f09269d642ebefb326 wp-block-woocommerce-product-price has-text-color has-custom-vert-fonc-color\" ><div class=\"wc-block-components-product-price wc-block-grid__product-price\" >\n\t\t\t\t\t<del aria-hidden=\"true\"><span class=\"woocommerce-Price-amount amount\"><bdi>250,00&nbsp;<span class=\"woocommerce-Price-currencySymbol\">&euro;<\/span><\/bdi><\/span><\/del> <span class=\"screen-reader-text\" data-no-translation=\"\" data-trp-gettext=\"\">Original price was: 250,00&nbsp;&euro;.<\/span><ins aria-hidden=\"true\"><span class=\"woocommerce-Price-amount amount\"><bdi>220,00&nbsp;<span class=\"woocommerce-Price-currencySymbol\">&euro;<\/span><\/bdi><\/span><\/ins><span class=\"screen-reader-text\" data-no-translation=\"\" data-trp-gettext=\"\">Current price is: 220,00&nbsp;&euro;.<\/span>\n\t\t\t\t<\/div><\/div>\n\n<a style=\"font-style:normal;font-weight:700; border-radius:50px; padding-top:16px;padding-bottom:16px;padding-left:36px;padding-right:36px;\" class=\"ticss-d5465180 wp-elements-3d47d251bae5a8e984889dcd461e93b7 wp-block-read-more has-text-color has-base-color has-background has-custom-orange-fonc-background-color\" href=\"https:\/\/lutinetgazelle.com\/en\/boutique\/etagere-murale-tomado-holland-1950\/\" target=\"_self\">Voir le produit<span class=\"screen-reader-text\">: Etagere murale Tomado Holland, 1950<\/span><\/a><\/div>\n\n<\/li><li class=\"wp-block-post post-10996 product type-product status-publish has-post-thumbnail product_cat-mobilier product_tag-home-etiquette  instock sale taxable shipping-taxable purchasable product-type-simple\">\n\n<div class=\"wp-block-group is-vertical is-content-justification-left is-nowrap is-layout-flex wp-container-core-group-is-layout-3b95c1a1 wp-block-group-is-layout-flex\" style=\"min-height:100%\"><figure class=\"wp-block-post-featured-image\"><a href=\"https:\/\/lutinetgazelle.com\/en\/boutique\/componibili-design-anna-castelli-pour-kartell\/\" target=\"_self\"  ><img decoding=\"async\" width=\"500\" height=\"500\" src=\"https:\/\/lutinetgazelle.com\/wp-content\/uploads\/2025\/09\/b6c4fbaa3194939ebc69b44440c69afa525cc8f9-500x500.jpg\" class=\"attachment-home-products size-home-products wp-post-image\" alt=\"Componibili design Anna Castelli\" style=\"object-fit:cover;\" srcset=\"https:\/\/lutinetgazelle.com\/wp-content\/uploads\/2025\/09\/b6c4fbaa3194939ebc69b44440c69afa525cc8f9-500x500.jpg 500w, https:\/\/lutinetgazelle.com\/wp-content\/uploads\/2025\/09\/b6c4fbaa3194939ebc69b44440c69afa525cc8f9-150x150.jpg 150w, https:\/\/lutinetgazelle.com\/wp-content\/uploads\/2025\/09\/b6c4fbaa3194939ebc69b44440c69afa525cc8f9-300x300.jpg 300w, https:\/\/lutinetgazelle.com\/wp-content\/uploads\/2025\/09\/b6c4fbaa3194939ebc69b44440c69afa525cc8f9-100x100.jpg 100w\" sizes=\"(max-width: 500px) 100vw, 500px\" \/><\/a><\/figure>\n\n<h3 class=\"has-link-color wp-elements-cdefcd1ccf3b7939a25b93d29170b6dd wp-block-post-title has-text-color has-custom-gris-fonc-color\"><a href=\"https:\/\/lutinetgazelle.com\/en\/boutique\/componibili-design-anna-castelli-pour-kartell\/\" target=\"_self\" >Componibili design Anna Castelli<\/a><\/h3>\n\n<div data-block-name=\"woocommerce\/product-price\" data-is-descendent-of-query-loop=\"true\" data-style=\"{&quot;elements&quot;:{&quot;link&quot;:{&quot;color&quot;:{&quot;text&quot;:&quot;var:preset|color|custom-vert-fonc&quot;}}},&quot;typography&quot;:{&quot;fontStyle&quot;:&quot;normal&quot;,&quot;fontWeight&quot;:&quot;600&quot;},&quot;spacing&quot;:{&quot;margin&quot;:{&quot;bottom&quot;:&quot;var:preset|spacing|30&quot;}}}\" data-text-color=\"custom-vert-fonc\" style=\"font-style: normal; font-weight: 600; margin-bottom:var(--wp--preset--spacing--30); font-style:normal;font-weight:600; margin-bottom:var(--wp--preset--spacing--30);\" class=\"has-text-color has-custom-vert-fonc-color wp-elements-aaafc903ce8f21f09269d642ebefb326 wp-elements-aaafc903ce8f21f09269d642ebefb326 wp-block-woocommerce-product-price has-text-color has-custom-vert-fonc-color\" ><div class=\"wc-block-components-product-price wc-block-grid__product-price\" >\n\t\t\t\t\t<del aria-hidden=\"true\"><span class=\"woocommerce-Price-amount amount\"><bdi>300,00&nbsp;<span class=\"woocommerce-Price-currencySymbol\">&euro;<\/span><\/bdi><\/span><\/del> <span class=\"screen-reader-text\" data-no-translation=\"\" data-trp-gettext=\"\">Original price was: 300,00&nbsp;&euro;.<\/span><ins aria-hidden=\"true\"><span class=\"woocommerce-Price-amount amount\"><bdi>280,00&nbsp;<span class=\"woocommerce-Price-currencySymbol\">&euro;<\/span><\/bdi><\/span><\/ins><span class=\"screen-reader-text\" data-no-translation=\"\" data-trp-gettext=\"\">Current price is: 280,00&nbsp;&euro;.<\/span>\n\t\t\t\t<\/div><\/div>\n\n<a style=\"font-style:normal;font-weight:700; border-radius:50px; padding-top:16px;padding-bottom:16px;padding-left:36px;padding-right:36px;\" class=\"ticss-d5465180 wp-elements-3d47d251bae5a8e984889dcd461e93b7 wp-block-read-more has-text-color has-base-color has-background has-custom-orange-fonc-background-color\" href=\"https:\/\/lutinetgazelle.com\/en\/boutique\/componibili-design-anna-castelli-pour-kartell\/\" target=\"_self\">Voir le produit<span class=\"screen-reader-text\">: Componibili design Anna Castelli<\/span><\/a><\/div>\n\n<\/li><li class=\"wp-block-post post-8153 product type-product status-publish has-post-thumbnail product_cat-mobilier product_tag-home-etiquette  instock sale taxable shipping-taxable purchasable product-type-simple\">\n\n<div class=\"wp-block-group is-vertical is-content-justification-left is-nowrap is-layout-flex wp-container-core-group-is-layout-3b95c1a1 wp-block-group-is-layout-flex\" style=\"min-height:100%\"><figure class=\"wp-block-post-featured-image\"><a href=\"https:\/\/lutinetgazelle.com\/en\/boutique\/set-de-bureau-canarie-bruno-munari-pour-danese-milano-1957\/\" target=\"_self\"  ><img decoding=\"async\" width=\"500\" height=\"500\" src=\"https:\/\/lutinetgazelle.com\/wp-content\/uploads\/2025\/09\/HipstamaticPhoto-732715851.510681-scaled-500x500.jpg\" class=\"attachment-home-products size-home-products wp-post-image\" alt=\"Set de bureau Canarie Bruno Munari pour Danese Milano 1957\" style=\"object-fit:cover;\" srcset=\"https:\/\/lutinetgazelle.com\/wp-content\/uploads\/2025\/09\/HipstamaticPhoto-732715851.510681-scaled-500x500.jpg 500w, https:\/\/lutinetgazelle.com\/wp-content\/uploads\/2025\/09\/HipstamaticPhoto-732715851.510681-scaled-150x150.jpg 150w, https:\/\/lutinetgazelle.com\/wp-content\/uploads\/2025\/09\/HipstamaticPhoto-732715851.510681-scaled-300x300.jpg 300w, https:\/\/lutinetgazelle.com\/wp-content\/uploads\/2025\/09\/HipstamaticPhoto-732715851.510681-scaled-768x768.jpg 768w, https:\/\/lutinetgazelle.com\/wp-content\/uploads\/2025\/09\/HipstamaticPhoto-732715851.510681-scaled-700x700.jpg 700w, https:\/\/lutinetgazelle.com\/wp-content\/uploads\/2025\/09\/HipstamaticPhoto-732715851.510681-scaled-1536x1536.jpg 1536w, https:\/\/lutinetgazelle.com\/wp-content\/uploads\/2025\/09\/HipstamaticPhoto-732715851.510681-scaled-2048x2048.jpg 2048w, https:\/\/lutinetgazelle.com\/wp-content\/uploads\/2025\/09\/HipstamaticPhoto-732715851.510681-scaled-1320x1320.jpg 1320w, https:\/\/lutinetgazelle.com\/wp-content\/uploads\/2025\/09\/HipstamaticPhoto-732715851.510681-scaled-600x600.jpg 600w, https:\/\/lutinetgazelle.com\/wp-content\/uploads\/2025\/09\/HipstamaticPhoto-732715851.510681-scaled-100x100.jpg 100w\" sizes=\"(max-width: 500px) 100vw, 500px\" \/><\/a><\/figure>\n\n<h3 class=\"has-link-color wp-elements-cdefcd1ccf3b7939a25b93d29170b6dd wp-block-post-title has-text-color has-custom-gris-fonc-color\"><a href=\"https:\/\/lutinetgazelle.com\/en\/boutique\/set-de-bureau-canarie-bruno-munari-pour-danese-milano-1957\/\" target=\"_self\" >Set de bureau Canarie Bruno Munari pour Danese Milano 1957<\/a><\/h3>\n\n<div data-block-name=\"woocommerce\/product-price\" data-is-descendent-of-query-loop=\"true\" data-style=\"{&quot;elements&quot;:{&quot;link&quot;:{&quot;color&quot;:{&quot;text&quot;:&quot;var:preset|color|custom-vert-fonc&quot;}}},&quot;typography&quot;:{&quot;fontStyle&quot;:&quot;normal&quot;,&quot;fontWeight&quot;:&quot;600&quot;},&quot;spacing&quot;:{&quot;margin&quot;:{&quot;bottom&quot;:&quot;var:preset|spacing|30&quot;}}}\" data-text-color=\"custom-vert-fonc\" style=\"font-style: normal; font-weight: 600; margin-bottom:var(--wp--preset--spacing--30); font-style:normal;font-weight:600; margin-bottom:var(--wp--preset--spacing--30);\" class=\"has-text-color has-custom-vert-fonc-color wp-elements-aaafc903ce8f21f09269d642ebefb326 wp-elements-aaafc903ce8f21f09269d642ebefb326 wp-block-woocommerce-product-price has-text-color has-custom-vert-fonc-color\" ><div class=\"wc-block-components-product-price wc-block-grid__product-price\" >\n\t\t\t\t\t<del aria-hidden=\"true\"><span class=\"woocommerce-Price-amount amount\"><bdi>250,00&nbsp;<span class=\"woocommerce-Price-currencySymbol\">&euro;<\/span><\/bdi><\/span><\/del> <span class=\"screen-reader-text\" data-no-translation=\"\" data-trp-gettext=\"\">Original price was: 250,00&nbsp;&euro;.<\/span><ins aria-hidden=\"true\"><span class=\"woocommerce-Price-amount amount\"><bdi>200,00&nbsp;<span class=\"woocommerce-Price-currencySymbol\">&euro;<\/span><\/bdi><\/span><\/ins><span class=\"screen-reader-text\" data-no-translation=\"\" data-trp-gettext=\"\">Current price is: 200,00&nbsp;&euro;.<\/span>\n\t\t\t\t<\/div><\/div>\n\n<a style=\"font-style:normal;font-weight:700; border-radius:50px; padding-top:16px;padding-bottom:16px;padding-left:36px;padding-right:36px;\" class=\"ticss-d5465180 wp-elements-3d47d251bae5a8e984889dcd461e93b7 wp-block-read-more has-text-color has-base-color has-background has-custom-orange-fonc-background-color\" href=\"https:\/\/lutinetgazelle.com\/en\/boutique\/set-de-bureau-canarie-bruno-munari-pour-danese-milano-1957\/\" target=\"_self\">Voir le produit<span class=\"screen-reader-text\">: Set de bureau Canarie Bruno Munari pour Danese Milano 1957<\/span><\/a><\/div>\n\n<\/li><\/ul><\/div>\n<\/div>\n<\/div><\/div>\n<\/div>\n<\/div><\/div>\n\n\n\n<div id=\"wp-block-themeisle-blocks-advanced-columns-063d7fbd\" class=\"wp-block-themeisle-blocks-advanced-columns alignfull has-1-columns has-desktop-equal-layout has-tablet-equal-layout has-mobile-collapsedRows-layout has-reverse-columns-mobile has-vertical-bottom ticss-c00aadba\"><div class=\"wp-block-themeisle-blocks-advanced-columns-overlay\"><\/div><div class=\"innerblocks-wrap\">\n<div id=\"wp-block-themeisle-blocks-advanced-column-b32fddd1\" class=\"wp-block-themeisle-blocks-advanced-column\">\n<h2 id=\"wp-block-themeisle-blocks-advanced-heading-51615eca\" class=\"wp-block-themeisle-blocks-advanced-heading wp-block-themeisle-blocks-advanced-heading-51615eca\">Voir plus de produits<\/h2>\n\n\n\n<div class=\"wp-block-buttons is-content-justification-center is-layout-flex wp-container-core-buttons-is-layout-a89b3969 wp-block-buttons-is-layout-flex\">\n<div class=\"wp-block-button is-style-primary is-style-fill\"><a class=\"wp-block-button__link has-custom-bleu-ciel-background-color has-background has-medium-font-size has-custom-font-size wp-element-button\" href=\"https:\/\/lutinetgazelle.com\/en\/product-category\/brocante\/\" style=\"border-width:5px;border-radius:100px;padding-top:0;padding-right:var(--wp--preset--spacing--20);padding-bottom:0;padding-left:var(--wp--preset--spacing--20)\">Voir la boutique<\/a><\/div>\n<\/div>\n<\/div>\n<\/div><\/div>\n\n\n\n<div id=\"wp-block-themeisle-blocks-advanced-columns-0c274dbb\" class=\"wp-block-themeisle-blocks-advanced-columns alignfull has-2-columns has-desktop-equal-layout has-tablet-collapsedRows-layout has-mobile-collapsedRows-layout has-vertical-center ticss-a2946a77\"><div class=\"wp-block-themeisle-blocks-advanced-columns-overlay\"><\/div><div class=\"innerblocks-wrap\">\n<div id=\"wp-block-themeisle-blocks-advanced-column-adb8bf2c\" class=\"wp-block-themeisle-blocks-advanced-column\">\n<figure class=\"wp-block-image aligncenter size-full\" id=\"wp-block-themeisle-blocks-image-80c95436\"><img decoding=\"async\" width=\"2560\" height=\"1920\" src=\"https:\/\/lutinetgazelle.com\/wp-content\/uploads\/2026\/03\/IMG_4843-1.jpeg\" alt=\"img 4843\" class=\"wp-image-168058\" style=\"aspect-ratio:1;object-fit:cover\" srcset=\"https:\/\/lutinetgazelle.com\/wp-content\/uploads\/2026\/03\/IMG_4843-1.jpeg 2560w, https:\/\/lutinetgazelle.com\/wp-content\/uploads\/2026\/03\/IMG_4843-1-300x225.jpeg 300w, https:\/\/lutinetgazelle.com\/wp-content\/uploads\/2026\/03\/IMG_4843-1-700x525.jpeg 700w, https:\/\/lutinetgazelle.com\/wp-content\/uploads\/2026\/03\/IMG_4843-1-768x576.jpeg 768w, https:\/\/lutinetgazelle.com\/wp-content\/uploads\/2026\/03\/IMG_4843-1-1536x1152.jpeg 1536w, https:\/\/lutinetgazelle.com\/wp-content\/uploads\/2026\/03\/IMG_4843-1-2048x1536.jpeg 2048w, https:\/\/lutinetgazelle.com\/wp-content\/uploads\/2026\/03\/IMG_4843-1-16x12.jpeg 16w, https:\/\/lutinetgazelle.com\/wp-content\/uploads\/2026\/03\/IMG_4843-1-1320x990.jpeg 1320w, https:\/\/lutinetgazelle.com\/wp-content\/uploads\/2026\/03\/IMG_4843-1-600x450.jpeg 600w\" sizes=\"(max-width: 2560px) 100vw, 2560px\" \/><\/figure>\n<\/div>\n\n\n\n<div id=\"wp-block-themeisle-blocks-advanced-column-ca8119f6\" class=\"wp-block-themeisle-blocks-advanced-column\">\n<h2 id=\"wp-block-themeisle-blocks-advanced-heading-7cee7bef\" class=\"wp-block-themeisle-blocks-advanced-heading wp-block-themeisle-blocks-advanced-heading-7cee7bef animated zoomIn delay-200ms\"><strong>Une envie de Design de Mobilier Vintage Mid-Century ?<\/strong><\/h2>\n\n\n\n<p class=\"animated fadeIn delay-1s slower has-custom-orange-claire-color has-text-color has-link-color has-x-large-font-size wp-elements-b2e28e246512b0f3c18da1737278d5a5\"><strong>Tous nos produits et photos sont en vente sur notre site <\/strong><\/p>\n\n\n\n<p>Entrez en contact avec une \u00e9quipe d&rsquo;experts, collectionneurs et passionn\u00e9s, \u00e0 votre \u00e9coute&#8230; Nous sommes l\u00e0 pour r\u00e9pondre \u00e0 vos envies et questions.<\/p>\n\n\n\n<p>Nous recherchons pour Vous, tous types de Design&#8230; Mobilier, Assises, Luminaires, Illustrations, C\u00e9ramiques<\/p>\n\n\n\n<p>Nous prenons en d\u00e9p\u00f4t vente dans notre boutique physique vos objets et mobilier, Envoyez nous des photos de vos objets Vintage, r\u00e9ponse assur\u00e9e sous 72h&#8230; <\/p>\n\n\n\n<p>Nous louons nos objets pour vos \u00e9v\u00e8nements   <\/p>\n\n\n\n<p>Notre objectif ? Vous satisfaire et r\u00e9pondre \u00e0 vos demandes. On attend votre email sur lutinetgazelle@gmail.com<\/p>\n<\/div>\n<\/div><\/div>\n\n\n\n<div id=\"wp-block-themeisle-blocks-advanced-columns-678cc482\" class=\"wp-block-themeisle-blocks-advanced-columns alignfull has-1-columns has-desktop-equal-layout has-tablet-equal-layout has-mobile-collapsedRows-layout has-reverse-columns-mobile has-vertical-bottom ticss-c00aadba\"><div class=\"wp-block-themeisle-blocks-advanced-columns-overlay\"><\/div><div class=\"innerblocks-wrap\">\n<div id=\"wp-block-themeisle-blocks-advanced-column-4d412c51\" class=\"wp-block-themeisle-blocks-advanced-column\">\n<h2 id=\"wp-block-themeisle-blocks-advanced-heading-fb3c7a39\" class=\"wp-block-themeisle-blocks-advanced-heading wp-block-themeisle-blocks-advanced-heading-fb3c7a39\">UNE ENVIE?<\/h2>\n\n\n\n<div class=\"wp-block-columns is-style-default is-layout-flex wp-container-core-columns-is-layout-28f84493 wp-block-columns-is-layout-flex\">\n<div class=\"wp-block-column is-layout-flow wp-block-column-is-layout-flow\" style=\"flex-basis:100%\">\n<div class=\"wp-block-buttons is-content-justification-center is-layout-flex wp-container-core-buttons-is-layout-a89b3969 wp-block-buttons-is-layout-flex\">\n<div class=\"wp-block-button is-style-primary is-style-fill\"><a class=\"wp-block-button__link has-custom-bleu-ciel-background-color has-background has-medium-font-size has-custom-font-size wp-element-button\" href=\"https:\/\/lutinetgazelle.com\/en\/product-category\/brocante\/\" style=\"border-width:5px;border-radius:100px;padding-top:0;padding-right:var(--wp--preset--spacing--20);padding-bottom:0;padding-left:var(--wp--preset--spacing--20)\">OBJETS<\/a><\/div>\n\n\n\n<div class=\"wp-block-button is-style-primary is-style-fill\"><a class=\"wp-block-button__link has-custom-bleu-ciel-background-color has-background has-medium-font-size has-custom-font-size wp-element-button\" href=\"https:\/\/lutinetgazelle.com\/en\/product-category\/photos-lutin-et-gazelle\/\" style=\"border-width:5px;border-radius:100px;padding-top:0;padding-right:var(--wp--preset--spacing--20);padding-bottom:0;padding-left:var(--wp--preset--spacing--20)\">PHOTOGRAPHIES<\/a><\/div>\n<\/div>\n<\/div>\n<\/div>\n<\/div>\n<\/div><\/div>\n\n\n\n<div id=\"wp-block-themeisle-blocks-advanced-columns-b8ad13ac\" class=\"wp-block-themeisle-blocks-advanced-columns has-1-columns has-desktop-equal-layout has-tablet-equal-layout has-mobile-equal-layout has-vertical-unset\"><div class=\"wp-block-themeisle-blocks-advanced-columns-overlay\"><\/div><div class=\"innerblocks-wrap\">\n<div id=\"wp-block-themeisle-blocks-advanced-column-b0394238\" class=\"wp-block-themeisle-blocks-advanced-column\">\n<h2 class=\"wp-block-heading has-text-align-center\" style=\"margin-top:var(--wp--preset--spacing--50);margin-bottom:var(--wp--preset--spacing--50);font-size:clamp(0.984rem, 0.984rem + ((1vw - 0.2rem) * 0.7), 1.5rem);\">Payez en toute securite<\/h2>\n\n\n\n<div id=\"wp-block-themeisle-blocks-advanced-columns-71d12bbb\" class=\"wp-block-themeisle-blocks-advanced-columns has-3-columns has-desktop-equal-layout has-tablet-equal-layout has-mobile-collapsedRows-layout has-vertical-unset\"><div class=\"wp-block-themeisle-blocks-advanced-columns-overlay\"><\/div><div class=\"innerblocks-wrap\">\n<div id=\"wp-block-themeisle-blocks-advanced-column-11ae0f6a\" class=\"wp-block-themeisle-blocks-advanced-column\">\n<div id=\"wp-block-themeisle-blocks-font-awesome-icons-6e1816d7\" class=\"wp-block-themeisle-blocks-font-awesome-icons\"><span class=\"wp-block-themeisle-blocks-font-awesome-icons-container\"><i class=\"fab fa-cc-visa\"><\/i><\/span><\/div>\n<\/div>\n\n\n\n<div id=\"wp-block-themeisle-blocks-advanced-column-0a2a336c\" class=\"wp-block-themeisle-blocks-advanced-column\">\n<div id=\"wp-block-themeisle-blocks-font-awesome-icons-3288e0a1\" class=\"wp-block-themeisle-blocks-font-awesome-icons\"><span class=\"wp-block-themeisle-blocks-font-awesome-icons-container\"><i class=\"fab fa-cc-mastercard\"><\/i><\/span><\/div>\n<\/div>\n\n\n\n<div id=\"wp-block-themeisle-blocks-advanced-column-33874e8d\" class=\"wp-block-themeisle-blocks-advanced-column\">\n<div id=\"wp-block-themeisle-blocks-font-awesome-icons-d55103c2\" class=\"wp-block-themeisle-blocks-font-awesome-icons\"><span class=\"wp-block-themeisle-blocks-font-awesome-icons-container\"><i class=\"fab fa-paypal\"><\/i><\/span><\/div>\n<\/div>\n<\/div><\/div>\n<\/div>\n<\/div><\/div>\n\n\n\n<div class=\"wp-block-group has-global-padding is-content-justification-center is-layout-constrained wp-block-group-is-layout-constrained\">\n<div data-block-name=\"woocommerce\/single-product\" data-product-id=\"10996\" data-wp-context=\"{&quot;productId&quot;:10996,&quot;variationId&quot;:null}\" data-wp-interactive=\"woocommerce\/single-product\" class=\"wp-block-woocommerce-single-product woocommerce\">\n<div class=\"wp-block-columns is-layout-flex wp-container-core-columns-is-layout-28f84493 wp-block-columns-is-layout-flex\">\n<div class=\"wp-block-column is-layout-flow wp-block-column-is-layout-flow\"><\/div>\n<\/div>\n<\/div>\n<\/div>","protected":false},"excerpt":{"rendered":"","protected":false},"author":1,"featured_media":7669,"parent":0,"menu_order":0,"comment_status":"closed","ping_status":"closed","template":"page-no-title","meta":{"_seopress_robots_primary_cat":"","_seopress_titles_title":"lutinetgazelle","_seopress_titles_desc":"","_seopress_robots_index":"","_seopress_analysis_target_kw":"","_themeisle_gutenberg_block_has_review":false,"footnotes":""},"class_list":["post-2427","page","type-page","status-publish","has-post-thumbnail","hentry"],"_links":{"self":[{"href":"https:\/\/lutinetgazelle.com\/en\/wp-json\/wp\/v2\/pages\/2427","targetHints":{"allow":["GET"]}}],"collection":[{"href":"https:\/\/lutinetgazelle.com\/en\/wp-json\/wp\/v2\/pages"}],"about":[{"href":"https:\/\/lutinetgazelle.com\/en\/wp-json\/wp\/v2\/types\/page"}],"author":[{"embeddable":true,"href":"https:\/\/lutinetgazelle.com\/en\/wp-json\/wp\/v2\/users\/1"}],"replies":[{"embeddable":true,"href":"https:\/\/lutinetgazelle.com\/en\/wp-json\/wp\/v2\/comments?post=2427"}],"version-history":[{"count":109,"href":"https:\/\/lutinetgazelle.com\/en\/wp-json\/wp\/v2\/pages\/2427\/revisions"}],"predecessor-version":[{"id":187334,"href":"https:\/\/lutinetgazelle.com\/en\/wp-json\/wp\/v2\/pages\/2427\/revisions\/187334"}],"wp:featuredmedia":[{"embeddable":true,"href":"https:\/\/lutinetgazelle.com\/en\/wp-json\/wp\/v2\/media\/7669"}],"wp:attachment":[{"href":"https:\/\/lutinetgazelle.com\/en\/wp-json\/wp\/v2\/media?parent=2427"}],"curies":[{"name":"wp","href":"https:\/\/api.w.org\/{rel}","templated":true}]}}